{"id":1961,"date":"2017-07-07T16:36:39","date_gmt":"2017-07-07T14:36:39","guid":{"rendered":"https:\/\/wortspiel.com\/?page_id=1961"},"modified":"2019-09-06T12:47:32","modified_gmt":"2019-09-06T10:47:32","slug":"masterclass","status":"publish","type":"page","link":"https:\/\/wortspiel.com\/de\/masterclass","title":{"rendered":"Google Ads meistern \u2013 mit der Wortspiel Google Ads Masterclass"},"content":{"rendered":"<div class=\"epyt-video-wrapper\"><iframe  style=\"display: block; margin: 0px auto;\"  id=\"_ytid_33656\"  width=\"1920\" height=\"1080\"  data-origwidth=\"1920\" data-origheight=\"1080\" src=\"https:\/\/www.youtube.com\/embed\/BtJoUa4OXvk?enablejsapi=1&#038;autoplay=0&#038;cc_load_policy=1&#038;iv_load_policy=1&#038;loop=0&#038;modestbranding=0&#038;rel=0&#038;fs=1&#038;playsinline=1&#038;autohide=2&#038;hl=de_DE&#038;theme=dark&#038;color=red&#038;controls=1&#038;\" class=\"__youtube_prefs__  epyt-is-override  no-lazyload\" title=\"YouTube player\"  allow=\"autoplay; encrypted-media\" allowfullscreen data-no-lazy=\"1\" data-skipgform_ajax_framebjll=\"\"><\/iframe><\/div>\n<p><span itemprop=\"video\" itemscope itemtype=\"http:\/\/schema.org\/VideoObject\"><meta itemprop=\"embedUrl\" content=\"https:\/\/www.youtube.com\/embed\/BtJoUa4OXvk\"><meta itemprop=\"name\" content=\"Wortspiel AdWords Masterclass \u2013 Impressionen und Stimmen der Teilnehmenden\"><meta itemprop=\"description\" content=\"Infos und Anmeldung: https:\/\/wortspiel.com\/masterclass\"><meta itemprop=\"thumbnailUrl\" content=\"https:\/\/i.ytimg.com\/vi\/BtJoUa4OXvk\/0.jpg\"><meta itemprop=\"duration\" content=\"PT2M13S\"><meta itemprop=\"uploadDate\" content=\"2017-10-13T08:47:38Z\"><\/span><\/p>\n<p><strong>H\u00f6chstens 10 Teilnehmende + 1 Top-Referent = maximaler Erkenntniszuwachs: Das ist die Formel der \u00abWortspiel Google Ads Masterclass\u00bb.<\/strong><\/p>\n<p>In unserem Intensivkurs zu Google Ads (ehemals Google AdWords) teilen unsere Dozierenden ihre Erfahrung aus hunderten von Google-Kampagnen und vielen Millionen Werbefranken f\u00fcr Kunden wie Migros, Swisscom und WordPress.<\/p>\n<p>Die Masterclass ist pers\u00f6nlich und individuell &#8211; jeder Kurs besteht aus maximal 10 Teilnehmenden. Theorie und Praxis wechseln sich st\u00e4ndig ab: Nach jedem Theorieteil gibt es die M\u00f6glichkeit, die gewonnenen Erkenntnisse mit Unterst\u00fctzung der Dozierenden auf das eigene Google-Ads-Konto anzuwenden. Ist noch kein Google-Ads-Konto vorhanden, k\u00f6nnen praktische \u00dcbungen absolviert werden.<\/p>\n<h2>Dein Referent<\/h2>\n<p><strong><img loading=\"lazy\" class=\"alignnone size-full wp-image-1819\" style=\"margin-top: 15px;\" src=\"https:\/\/wortspiel.com\/wp-content\/uploads\/2014\/12\/stefan-vetter-3.jpg\" alt=\"Stefan Vetter\" width=\"834\" height=\"556\" \/><\/strong><\/p>\n<p><strong>Stefan Vetter<\/strong><br \/>\n<a href=\"https:\/\/stefanvetter.com\/de\/\" target=\"_blank\" rel=\"noopener noreferrer\">Stefan Vetter<\/a> ist Gr\u00fcnder und Gesch\u00e4ftsf\u00fchrer von Wortspiel. Er erstellte 1999 seine <a href=\"https:\/\/www.audiograbber.de\/\" target=\"_blank\" rel=\"noopener noreferrer\">erste Website<\/a> und ist seitdem im digitalen Marketing t\u00e4tig. Sein Wissen gibt er gerne weiter: als Autor des ersten Schweizer Google-Ads-Buches <a href=\"\/buch\">\u00abAdWords f\u00fcr Startups\u00bb<\/a>, einer von neun <a href=\"\/de\/google-trainer\" rel=\"noopener noreferrer\">\u00abGoogle Certified Trainer\u00bb<\/a> in der Schweiz, <a href=\"\/veranstaltungen\">Speaker<\/a> an Konferenzen sowie als <a href=\"\/veranstaltungen\">Referent<\/a> an der Fachhochschule Nordwestschweiz FHNW, an der Fernfachhochschule Schweiz, am Schweizerischen Institut f\u00fcr Betriebs\u00f6konomie SIB, an der Marketing &amp; Business School Z\u00fcrich MBSZ und bei Google in Z\u00fcrich.<\/p>\n<h2>Inhalte<\/h2>\n<p>In der Wortspiel Google Ads Masterclass vermitteln wir Euch unsere Best Practices zu Google Ads, wie wir sie auch f\u00fcr unsere eigenen Kunden anwenden und tagt\u00e4glich in der Praxis testen und verbessern.<\/p>\n<p>Inhalte:<\/p>\n<ul>\n<li>Die ideale Kontostruktur<\/li>\n<li>Keywords und Keyword-Optionen<\/li>\n<li>\u00dcberzeugenden Anzeigen und Anzeigenerweiterungen texten<\/li>\n<li>Zielgruppen intelligent ansprechen mit Demographie, Interessen, Remarketing und Similar Audiences<\/li>\n<li>Ertrag steigern mit Gebotsstrategien und Smart Bidding<\/li>\n<li>Mehr Produkte verkaufen mit Google Shopping<\/li>\n<li>Reichweite generieren mit Display und Youtube<\/li>\n<li>Den Erfolg richtig messen mit Conversion Tracking und Attribution<\/li>\n<\/ul>\n<h2>Zielpublikum<\/h2>\n<p>Der Kurs richtet sich an Mitarbeitende von Unternehmen und Agenturen, die bereits mit Google Ads arbeiten und ihren Wissensstand \u00fcberpr\u00fcfen sowie aktuelle Best Practices lernen wollen.The course is aimed at employees of companies and agencies who already work with Google Ads and want to check their level of knowledge and learn current best practices.The course is aimed at employees of companies and agencies who already work with Google Ads and want to check their level of knowledge and learn current best practices.<\/p>\n<h2>Die n\u00e4chsten Termine<\/h2>\n<ul>\n<li><strong>Fr 06. September 2019, 14:00 \u2013 18:00 Uhr<\/strong><\/li>\n<\/ul>\n<p>Der Kurs findet\u00a0<strong>in Z\u00fcrich<\/strong> im B\u00fcro der Wortspiel GmbH in der Jenatschstrasse 1 statt.<\/p>\n<h2>Investition<\/h2>\n<p><strong>Die Wortspiel Google Ads Masterclass kostet CHF 450<\/strong> (exkl. MWST) pro Person inklusive Pausen-Verpflegung und Unterlagen.<\/p>\n<p>Bei drei oder mehr Teilnehmenden aus dem gleichen Unternehmen gew\u00e4hren wir einen <strong>Gruppenrabatt <\/strong>von 10% auf die regul\u00e4re Investition.<\/p>\n<p>F\u00fcr alle Kurse gilt unsere\u00a0<strong>Geld-zur\u00fcck-Garantie<\/strong>:\u00a0Solltet Ihr mit unserer Leistung nicht zufrieden sein, erstatten wir Euch die komplette Investition &#8211; ohne Wenn und Aber.<\/p>\n<p><strong>Noch Fragen?<\/strong> Dann kontaktiert uns gerne \u00fcber unser <a href=\"\/de\/#kontakt\">Kontaktformular<\/a> oder per E-Mail an Stefan Vetter (sv@wortspiel.com).<\/p>\n<h2>Jetzt anmelden<\/h2>\n<p>Jede Masterclass ist limitiert auf 10 Teilnehmende. Anmeldungen ber\u00fccksichtigen wir nach Datum ihres Eingangs.<\/p>\n<p>[contact-form-7 id=&#8220;2087&#8243; title=&#8220;Kurs-Buchung&#8220;]<\/p>\n","protected":false},"excerpt":{"rendered":"<p>H\u00f6chstens 10 Teilnehmende + 1 Top-Referent = maximaler Erkenntniszuwachs: Das ist die Formel der \u00abWortspiel Google Ads Masterclass\u00bb. In unserem Intensivkurs zu Google Ads (ehemals Google AdWords) teilen unsere Dozierenden ihre Erfahrung aus hunderten von Google-Kampagnen und vielen Millionen Werbefranken f\u00fcr Kunden wie Migros, Swisscom und WordPress. Die Masterclass ist pers\u00f6nlich und individuell &#8211; jeder [&hellip;]<\/p>\n","protected":false},"author":1,"featured_media":2279,"parent":0,"menu_order":0,"comment_status":"closed","ping_status":"closed","template":"","meta":[],"yoast_head":"<!-- This site is optimized with the Yoast SEO plugin v15.2.1 - https:\/\/yoast.com\/wordpress\/plugins\/seo\/ -->\n<title>Google Ads (AdWords) meistern \u2013 mit der Wortspiel Google Ads Masterclass<\/title>\n<meta name=\"description\" content=\"Im Kurs \u00abWortspiel Google Ads Masterclass\u00bb teilen unsere Dozierenden ihre Erfahrung aus Hunderten von Google-Kampagnen und mehreren Millionen Werbefranken f\u00fcr Kunden wie Migros, Swisscom und WordPress. Nur noch wenige Pl\u00e4tze verf\u00fcgbar - jetzt anmelden!\" \/>\n<meta name=\"robots\" content=\"index, follow, max-snippet:-1, max-image-preview:large, max-video-preview:-1\" \/>\n<link rel=\"canonical\" href=\"https:\/\/wortspiel.com\/de\/masterclass\" \/>\n<meta property=\"og:locale\" content=\"de_DE\" \/>\n<meta property=\"og:type\" content=\"article\" \/>\n<meta property=\"og:title\" content=\"Google Ads (AdWords) meistern \u2013 mit der Wortspiel Google Ads Masterclass\" \/>\n<meta property=\"og:description\" content=\"Im Kurs \u00abWortspiel Google Ads Masterclass\u00bb teilen unsere Dozierenden ihre Erfahrung aus Hunderten von Google-Kampagnen und mehreren Millionen Werbefranken f\u00fcr Kunden wie Migros, Swisscom und WordPress. Nur noch wenige Pl\u00e4tze verf\u00fcgbar - jetzt anmelden!\" \/>\n<meta property=\"og:url\" content=\"https:\/\/wortspiel.com\/de\/masterclass\" \/>\n<meta property=\"og:site_name\" content=\"Wortspiel\" \/>\n<meta property=\"article:publisher\" content=\"https:\/\/www.facebook.com\/wortspiel\" \/>\n<meta property=\"article:modified_time\" content=\"2019-09-06T10:47:32+00:00\" \/>\n<meta property=\"og:image\" content=\"https:\/\/wortspiel.com\/de\/wp-content\/uploads\/2017\/07\/wortspiel-masterclass-adwords-fb.jpg\" \/>\n\t<meta property=\"og:image:width\" content=\"1200\" \/>\n\t<meta property=\"og:image:height\" content=\"628\" \/>\n<meta name=\"twitter:card\" content=\"summary_large_image\" \/>\n<meta name=\"twitter:creator\" content=\"@Wortspiel\" \/>\n<meta name=\"twitter:site\" content=\"@Wortspiel\" \/>\n<meta name=\"twitter:label1\" content=\"Written by\">\n\t<meta name=\"twitter:data1\" content=\"Stefan Vetter\">\n\t<meta name=\"twitter:label2\" content=\"Est. reading time\">\n\t<meta name=\"twitter:data2\" content=\"2\u00a0Minuten\">\n<script type=\"application\/ld+json\" class=\"yoast-schema-graph\">{\"@context\":\"https:\/\/schema.org\",\"@graph\":[{\"@type\":\"Organization\",\"@id\":\"https:\/\/wortspiel.com\/de\/#organization\",\"name\":\"Wortspiel\",\"url\":\"https:\/\/wortspiel.com\/de\/\",\"sameAs\":[\"https:\/\/www.facebook.com\/wortspiel\",\"https:\/\/twitter.com\/Wortspiel\"],\"logo\":{\"@type\":\"ImageObject\",\"@id\":\"https:\/\/wortspiel.com\/de\/#logo\",\"inLanguage\":\"de\",\"url\":\"https:\/\/wortspiel.com\/de\/wp-content\/uploads\/2019\/01\/Wortspiel_Logo_60px-n2x.png\",\"width\":284,\"height\":66,\"caption\":\"Wortspiel\"},\"image\":{\"@id\":\"https:\/\/wortspiel.com\/de\/#logo\"}},{\"@type\":\"WebSite\",\"@id\":\"https:\/\/wortspiel.com\/de\/#website\",\"url\":\"https:\/\/wortspiel.com\/de\/\",\"name\":\"Wortspiel\",\"description\":\"\",\"publisher\":{\"@id\":\"https:\/\/wortspiel.com\/de\/#organization\"},\"potentialAction\":[{\"@type\":\"SearchAction\",\"target\":\"https:\/\/wortspiel.com\/de\/?s={search_term_string}\",\"query-input\":\"required name=search_term_string\"}],\"inLanguage\":\"de\"},{\"@type\":\"ImageObject\",\"@id\":\"https:\/\/wortspiel.com\/de\/masterclass#primaryimage\",\"inLanguage\":\"de\",\"url\":\"https:\/\/wortspiel.com\/de\/wp-content\/uploads\/2017\/07\/wortspiel-masterclass-adwords-fb.jpg\",\"width\":1200,\"height\":628,\"caption\":\"Wortspiel Masterclass mit Stefan Vetter und Aurel Gergey\"},{\"@type\":\"WebPage\",\"@id\":\"https:\/\/wortspiel.com\/de\/masterclass#webpage\",\"url\":\"https:\/\/wortspiel.com\/de\/masterclass\",\"name\":\"Google Ads (AdWords) meistern \\u2013 mit der Wortspiel Google Ads Masterclass\",\"isPartOf\":{\"@id\":\"https:\/\/wortspiel.com\/de\/#website\"},\"primaryImageOfPage\":{\"@id\":\"https:\/\/wortspiel.com\/de\/masterclass#primaryimage\"},\"datePublished\":\"2017-07-07T14:36:39+00:00\",\"dateModified\":\"2019-09-06T10:47:32+00:00\",\"description\":\"Im Kurs \\u00abWortspiel Google Ads Masterclass\\u00bb teilen unsere Dozierenden ihre Erfahrung aus Hunderten von Google-Kampagnen und mehreren Millionen Werbefranken f\\u00fcr Kunden wie Migros, Swisscom und WordPress. Nur noch wenige Pl\\u00e4tze verf\\u00fcgbar - jetzt anmelden!\",\"inLanguage\":\"de\",\"potentialAction\":[{\"@type\":\"ReadAction\",\"target\":[\"https:\/\/wortspiel.com\/de\/masterclass\"]}]}]}<\/script>\n<!-- \/ Yoast SEO plugin. -->","_links":{"self":[{"href":"https:\/\/wortspiel.com\/de\/wp-json\/wp\/v2\/pages\/1961"}],"collection":[{"href":"https:\/\/wortspiel.com\/de\/wp-json\/wp\/v2\/pages"}],"about":[{"href":"https:\/\/wortspiel.com\/de\/wp-json\/wp\/v2\/types\/page"}],"author":[{"embeddable":true,"href":"https:\/\/wortspiel.com\/de\/wp-json\/wp\/v2\/users\/1"}],"replies":[{"embeddable":true,"href":"https:\/\/wortspiel.com\/de\/wp-json\/wp\/v2\/comments?post=1961"}],"version-history":[{"count":187,"href":"https:\/\/wortspiel.com\/de\/wp-json\/wp\/v2\/pages\/1961\/revisions"}],"predecessor-version":[{"id":4538,"href":"https:\/\/wortspiel.com\/de\/wp-json\/wp\/v2\/pages\/1961\/revisions\/4538"}],"wp:featuredmedia":[{"embeddable":true,"href":"https:\/\/wortspiel.com\/de\/wp-json\/wp\/v2\/media\/2279"}],"wp:attachment":[{"href":"https:\/\/wortspiel.com\/de\/wp-json\/wp\/v2\/media?parent=1961"}],"curies":[{"name":"wp","href":"https:\/\/api.w.org\/{rel}","templated":true}]}}