{"id":3502,"date":"2018-12-28T14:05:35","date_gmt":"2018-12-28T13:05:35","guid":{"rendered":"https:\/\/wortspiel.com\/?page_id=3502"},"modified":"2020-02-04T18:23:54","modified_gmt":"2020-02-04T17:23:54","slug":"veranstaltungen","status":"publish","type":"page","link":"https:\/\/wortspiel.com\/de\/veranstaltungen","title":{"rendered":"Veranstaltungen"},"content":{"rendered":"<p><strong><img loading=\"lazy\" class=\"alignnone size-full wp-image-3516\" src=\"https:\/\/wortspiel.com\/wp-content\/uploads\/2018\/12\/stefan-vetter-speaking-web.jpg\" alt=\"\" width=\"800\" height=\"352\" \/><\/strong><\/p>\n<p><strong>Gerne teilen wir unsere Erfahrung an Konferenzen und Hochschulen. Hier findest Du alle k\u00fcnftigen und bisherigen Veranstaltungen mit unserer Beteiligung:<\/strong><\/p>\n<h2 id=\"2020\">2020<\/h2>\n<ul>\n<li><a href=\"https:\/\/wortspiel.com\/de\/kurs-mbsz\"><strong>MBSZ Marketing &amp; Business School Z\u00fcrich<\/strong><\/a><br \/>\n\u00abGoogle Ads Specialist MBSZ\u00bb, Stefan Vetter, 28. Oktober \u2013 02. Dezember<\/li>\n<li><a href=\"https:\/\/wortspiel.com\/de\/kurs-mbsz\"><strong>MBSZ Marketing &amp; Business School Z\u00fcrich<\/strong><\/a><br \/>\n\u00abGoogle Ads Specialist MBSZ\u00bb, Stefan Vetter, 04. September \u2013 06. Oktober<\/li>\n<li><a href=\"https:\/\/www.zhaw.ch\/de\/sml\/weiterbildung\/detail\/kurs\/cas-advanced-digital-marketing\/\" target=\"_blank\" rel=\"noopener noreferrer\"><strong>ZHAW Z\u00fcrcher Hochschule f\u00fcr Angewandte Wissenschaften, Winterthur<\/strong><\/a><br \/>\n\u00abAdvanced SEA &amp; SEA Automation Coaching\u00bb (CAS Advanced Digital Marketing), Stefan Vetter, 27. \u2013 28. Mai<\/li>\n<li><strong><a href=\"https:\/\/www.sib.ch\/studieren\/nachdiplomstudien\/dipl-chief-digital-officer-nds-hf\/\" target=\"_blank\" rel=\"noopener noreferrer\">Schweizerisches Institut f\u00fcr Betriebs\u00f6konomie SIB, Z\u00fcrich<\/a><\/strong><br \/>\n\u00abWebsite Optimization\u00bb (Dipl. Chief Digital Officer NDS HF),\u00a0 Stefan Vetter, 15. Mai<\/li>\n<li><a href=\"https:\/\/wortspiel.com\/de\/kurs-mbsz\"><strong>MBSZ Marketing &amp; Business School Z\u00fcrich<\/strong><\/a><br \/>\n\u00abGoogle Ads Specialist MBSZ\u00bb, Stefan Vetter, 05. Mai \u2013 07. Juli<\/li>\n<li><strong><a href=\"http:\/\/www.sea-camp.de\/jena\/\" target=\"_blank\" rel=\"noopener noreferrer\">SEAcamp Jena<\/a><\/strong><br \/>\n\u00abDie Revolution kommt: Google Analytics v2\u00bb, Christian Ebernickel, 23. April<\/li>\n<li><strong><a href=\"https:\/\/smxmuenchen.de\/programm-details\/#s-p7576\" target=\"_blank\" rel=\"noopener noreferrer\">SMX M\u00fcnchen<\/a><br \/>\n<\/strong>\u00abConversion Tracking 4.0 f\u00fcr Lead Generation Businesses: Integration mit CRM-Systemen\u00bb, Christian Ebernickel, 18. \u2013 19. M\u00e4rz<\/li>\n<li><a href=\"https:\/\/wortspiel.com\/de\/kurs-mbsz\"><strong>MBSZ Marketing &amp; Business School Z\u00fcrich<\/strong><\/a><br \/>\n\u00abGoogle Ads Specialist MBSZ\u00bb, Stefan Vetter, 14. Januar \u2013 28. Februar<\/li>\n<\/ul>\n<h2 id=\"2019\">2019<\/h2>\n<ul>\n<li><strong><a href=\"http:\/\/www.sea-camp.de\/hannover\/\" target=\"_blank\" rel=\"noopener noreferrer\">SEAcamp Hannover<\/a><\/strong><br \/>\n\u00abSEA Unleashed \u2013 Robuste Trackings und hohe Datenqualit\u00e4t f\u00fcr euer SEA Management\u00bb, Christian Ebernickel, 21. November<\/li>\n<li><strong><a href=\"https:\/\/marketinganalyticssummit.de\/programm\/\" target=\"_blank\" rel=\"noopener noreferrer\">Marketing Analytics Summit, Berlin<\/a><\/strong><br \/>\n\u00abMehr als Feel Good Reporting \u2013 so entfalten Sie das Potenzial der Webanalyse\u00bb, Christian Ebernickel, 18. \u2013 19. November<\/li>\n<li><strong><a href=\"https:\/\/www.121watt.de\/seminare\/google-analytics-aufbau-seminar\/\" target=\"_blank\" rel=\"noopener noreferrer\">121WATT, Hamburg<\/a><\/strong><br \/>\n\u00abGoogle-Analytics-Seminar f\u00fcr Fortgeschrittene\u00bb, Christian Ebernickel, 13. \u2013 14. November<\/li>\n<li><a href=\"https:\/\/wortspiel.com\/de\/kurs-mbsz\"><strong>MBSZ Marketing &amp; Business School Z\u00fcrich<\/strong><\/a><br \/>\n\u00abGoogle Ads Specialist MBSZ\u00bb, Stefan Vetter, 23. Oktober \u2013 26. November<\/li>\n<li><strong><a href=\"https:\/\/learndigital.withgoogle.com\/atelierdigital-de\/f2f\" target=\"_blank\" rel=\"noopener noreferrer\">Google Z\u00fcrich<\/a><\/strong><br \/>\n\u00abBootcamp: Google Tag Manager &amp; Data Studio\u00bb, Stefan Vetter, 18. Oktober<\/li>\n<li><strong><a href=\"https:\/\/www.businessinnovation.ch\/de\/exhibition-events\/event-details\/655\/10-frische-praxis-tipps-fuer-google-ads\" target=\"_blank\" rel=\"noopener noreferrer\">Business Innovation Week, Z\u00fcrich (2)<\/a><\/strong><br \/>\n\u00ab10 frische Praxis-Tipps f\u00fcr Google Ads\u00bb, Stefan Vetter, 03. Oktober<\/li>\n<li><strong><a href=\"https:\/\/www.businessinnovation.ch\/de\/exhibition-events\/event-details\/528\/daten-sind-unser-gold-so-heben-wir-den-schatz\" target=\"_blank\" rel=\"noopener noreferrer\">Business Innovation Week, Z\u00fcrich (1)<\/a><\/strong><br \/>\n\u00abDaten sind unser Gold \u2013 so heben wir den Schatz\u00bb, Christian Ebernickel, 3. Oktober<\/li>\n<li><strong><a href=\"https:\/\/www.omk.live\/speaker\/christian-ebernickel\/\" target=\"_blank\" rel=\"noopener noreferrer\">OMK L\u00fcneburg<\/a><\/strong><br \/>\n\u00abDie schlimmsten Fails in Google Analytics &amp; Google Tag Manager: So geht jedes Setup daneben\u00bb, Christian Ebernickel, 19. September<\/li>\n<li><strong><a href=\"https:\/\/wortspiel.com\/de\/masterclass\">Wortspiel Google Ads Masterclass, Z\u00fcrich<\/a>\u00a0<\/strong><br \/>\n\u00abGoogle Ads meistern\u00bb, Stefan Vetter, 06. September<\/li>\n<li><strong><a href=\"https:\/\/www.omt.de\/vortrag\/data-booster\/\" target=\"_blank\" rel=\"noopener noreferrer\">OMT, Wiesbaden<\/a>\u00a0<\/strong><br \/>\n\u00abData Booster \u2013 so entfaltet ihr das Potenzial der Webanalyse\u00bb, Christian Ebernickel, 06. September<\/li>\n<li><a href=\"https:\/\/wortspiel.com\/de\/kurs-mbsz\"><strong>MBSZ Marketing &amp; Business School Z\u00fcrich<\/strong><\/a><br \/>\n\u00abGoogle Ads Specialist MBSZ\u00bb, Stefan Vetter, 20. August \u2013 25. September<\/li>\n<li><strong><a href=\"https:\/\/www.sib.ch\/studieren\/nachdiplomstudien\/dipl-chief-digital-officer-nds-hf\/\" target=\"_blank\" rel=\"noopener noreferrer\">Schweizerisches Institut f\u00fcr Betriebs\u00f6konomie SIB, Z\u00fcrich<\/a><\/strong><br \/>\n\u00abWebsite Optimization\u00bb (Dipl. Chief Digital Officer NDS HF),\u00a0 Stefan Vetter, 22. Juni<\/li>\n<li><strong><a href=\"https:\/\/learndigital.withgoogle.com\/atelierdigital-de\/f2f\" target=\"_blank\" rel=\"noopener noreferrer\">Google Z\u00fcrich<\/a><\/strong><br \/>\n\u00abExpert Day: Fullistic Automation &amp; Optimisation Score\u00bb, Stefan Vetter, 19. Juni<\/li>\n<li><a href=\"https:\/\/www.ffhs.ch\/studienangebot\/wirtschaft--management\/mas-arbeit-40\/cas-digital-leadership\" target=\"_blank\" rel=\"noopener noreferrer\"><strong>Fernfachhochschule Schweiz<\/strong><\/a><br \/>\n\u00abTeams remote f\u00fchren\u00bb (CAS Digital Leadership), Stefan Vetter, 04. Juni<\/li>\n<li><a href=\"https:\/\/wortspiel.com\/de\/kurs-mbsz\"><strong>MBSZ Marketing &amp; Business School Z\u00fcrich<\/strong><\/a><br \/>\n\u00abGoogle Ads Specialist MBSZ\u00bb, Stefan Vetter, 24. Mai \u2013 29. Juni<\/li>\n<li><strong><a href=\"https:\/\/www.121watt.de\/seminare\/google-analytics-aufbau-seminar\/\" target=\"_blank\" rel=\"noopener noreferrer\">121WATT, Hamburg<\/a><\/strong><br \/>\n\u00abGoogle-Analytics-Seminar f\u00fcr Fortgeschrittene\u00bb, Christian Ebernickel, 21. \u2013 22. Mai<\/li>\n<li><strong><a href=\"https:\/\/www.omt.de\/webinare\/so-geht-jedes-tracking-setup-daneben-13-boese-fehler-die-ins-chaos-fuehren\/\" target=\"_blank\" rel=\"noopener noreferrer\">OMT (Webinar)<\/a><\/strong><br \/>\n\u00abSo geht jedes Tracking-Setup daneben: 13 b\u00f6se Fehler, die ins Chaos f\u00fchren\u00bb, Christian Ebernickel, 26. April<\/li>\n<li><strong><a href=\"http:\/\/www.sea-camp.de\/jena\/themen-2019\/\" target=\"_blank\" rel=\"noopener noreferrer\">SEAcamp Jena<\/a><\/strong><br \/>\n\u00abSEA Unleashed \u2013 SEA Management mit sauberen Daten und robusten Tracking-Setups\u00bb, Christian Ebernickel, 11. April<\/li>\n<li><strong><a href=\"https:\/\/www.121watt.de\/seminare\/google-analytics-aufbau-seminar\/\" target=\"_blank\" rel=\"noopener noreferrer\">121WATT, Hamburg<\/a><\/strong><br \/>\n\u00abGoogle-Analytics-Seminar f\u00fcr Fortgeschrittene\u00bb, Christian Ebernickel, 8. \u2013 9. April<\/li>\n<li><strong><a href=\"https:\/\/smxmuenchen.de\/deep-dive\/#p6287\" target=\"_blank\" rel=\"noopener noreferrer\">SMX M\u00fcnchen<\/a><br \/>\n<\/strong>\u00abQuality Booster \u2013 SEA Management mit sauberen Daten und robusten Tracking-Setups\u00bb, Christian Ebernickel, 2. \u2013 3. April<\/li>\n<li><strong><a href=\"https:\/\/wortspiel.com\/de\/masterclass\">Wortspiel Google Ads Masterclass, Z\u00fcrich<\/a><\/strong><br \/>\n\u00abGoogle Ads meistern\u00bb, Stefan Vetter, 15. M\u00e4rz<\/li>\n<li><a href=\"https:\/\/www.fhnw.ch\/de\/studium\/technik\/wirtschaftsingenieurwesen\" target=\"_blank\" rel=\"noopener noreferrer\"><strong>Fachhochschule Nordwestschweiz FHNW, Brugg-Windisch<\/strong><\/a><br \/>\n\u00abEinf\u00fchrung Suchmaschinenmarketing\u00bb (BSc Wirtschaftsingenieurwesen), Stefan Vetter, 04. M\u00e4rz<\/li>\n<li><strong><a href=\"https:\/\/learndigital.withgoogle.com\/atelierdigital-de\/f2f\" target=\"_blank\" rel=\"noopener noreferrer\">Google Z\u00fcrich<\/a><\/strong><br \/>\n\u00abGoogle Ads Grundlagen- und Vertiefung\u00bb, Stefan Vetter, 01. Februar<\/li>\n<\/ul>\n<h2>2018<\/h2>\n<ul>\n<li><strong><a href=\"https:\/\/learndigital.withgoogle.com\/atelierdigital-de\/f2f\" target=\"_blank\" rel=\"noopener noreferrer\">Google Z\u00fcrich<\/a><\/strong><br \/>\n\u00abGoogle Ads Grundlagen- und Vertiefung\u00bb, Stefan Vetter, 19. Dezember<\/li>\n<li><strong><a href=\"https:\/\/www.sib.ch\/studieren\/nachdiplomstudien\/dipl-chief-digital-officer-nds-hf\/\" target=\"_blank\" rel=\"noopener noreferrer\">Schweizerisches Institut f\u00fcr Betriebs\u00f6konomie SIB, Z\u00fcrich<\/a><\/strong><br \/>\n\u00abWebsite Optimization\u00bb (Dipl. Chief Digital Officer NDS HF),\u00a0 Stefan Vetter, 01. Dezember<\/li>\n<li><a href=\"https:\/\/wortspiel.com\/google-event\"><strong>Wortspiel bei Google<\/strong><\/a><br \/>\nStefan Vetter &amp; Aurel Gergey (Moderation), 01. November<\/li>\n<li><a href=\"https:\/\/www.ifj.ch\/index.cfm?page=136020&amp;event_id=6045\" target=\"_blank\" rel=\"noopener noreferrer\"><strong>IFJ Institut f\u00fcr Jungunternehmen, Bern<\/strong><\/a><br \/>\n\u00abAuffallen oder durchfallen: AdWords-Anzeigen optimieren\u00bb, Aurel Gergey, 30. Oktober<\/li>\n<li><strong><a href=\"https:\/\/learndigital.withgoogle.com\/atelierdigital-de\/f2f\" target=\"_blank\" rel=\"noopener noreferrer\">Google Z\u00fcrich<\/a><\/strong><br \/>\n\u00abGoogle Ads Grundlagen- und Vertiefung\u00bb, Stefan Vetter, 19. Oktober<\/li>\n<li><strong><a href=\"https:\/\/wortspiel.com\/de\/masterclass\">Wortspiel Google Ads Masterclass, Z\u00fcrich<\/a><\/strong><br \/>\n\u00abGoogle Ads meistern\u00bb, Jennifer Walter &amp; Stefan Vetter, 07. September<\/li>\n<li><strong><a href=\"https:\/\/www.sib.ch\/studieren\/nachdiplomstudien\/dipl-chief-digital-officer-nds-hf\/\" target=\"_blank\" rel=\"noopener noreferrer\">Schweizerisches Institut f\u00fcr Betriebs\u00f6konomie SIB, Z\u00fcrich<\/a><\/strong><br \/>\n\u00abWebsite Optimization\u00bb (Dipl. Chief Digital Officer NDS HF),\u00a0 Stefan Vetter, 24. August<\/li>\n<li><strong><a href=\"https:\/\/wortspiel.com\/de\/masterclass\">Wortspiel AdWords Masterclass, Z\u00fcrich<\/a><\/strong><br \/>\n\u00abGoogle Ads meistern\u00bb, Jennifer Walter &amp; Stefan Vetter, 25. Mai<\/li>\n<li><strong><a href=\"https:\/\/learndigital.withgoogle.com\/atelierdigital-de\/f2f\" target=\"_blank\" rel=\"noopener noreferrer\">Google Z\u00fcrich<\/a><\/strong><br \/>\n\u00abGoogle Ads Grundlagen- und Vertiefung\u00bb, Stefan Vetter, 22. Mai<\/li>\n<li><a href=\"https:\/\/www.fhnw.ch\/de\/studium\/technik\/wirtschaftsingenieurwesen\" target=\"_blank\" rel=\"noopener noreferrer\"><strong>Fachhochschule Nordwestschweiz FHNW<\/strong><strong>, Brugg-Windisch<\/strong><\/a><br \/>\n\u00abEinf\u00fchrung Suchmaschinenmarketing\u00bb (BSc Wirtschaftsingenieurwesen), Stefan Vetter, 05. M\u00e4rz<\/li>\n<li><a href=\"https:\/\/www.ifj.ch\/index.cfm?page=129080&amp;event_id=5584\" target=\"_blank\" rel=\"noopener noreferrer\"><strong>IFJ Institut f\u00fcr Jungunternehmen, Schlieren<\/strong><\/a><br \/>\n\u00abAdWords f\u00fcr Startups\u00bb, Stefan Vetter &amp; Aurel Gergey, 01. M\u00e4rz<\/li>\n<li><strong><a href=\"https:\/\/learndigital.withgoogle.com\/atelierdigital-de\/f2f\" target=\"_blank\" rel=\"noopener noreferrer\">Google Z\u00fcrich<\/a><\/strong><br \/>\n\u00abGoogle Analytics Grundlagen\u00bb, Stefan Vetter, 20. Februar<\/li>\n<li><\/li>\n<\/ul>\n<h2>2017<\/h2>\n<ul>\n<li><strong><a href=\"https:\/\/wortspiel.com\/de\/masterclass\">Wortspiel AdWords Masterclass, Z\u00fcrich<\/a><\/strong><br \/>\n\u00abGoogle Ads meistern\u00bb, Aurel Gergey &amp; Stefan Vetter, 10. November<\/li>\n<li><strong><a href=\"https:\/\/wortspiel.com\/de\/masterclass\">Wortspiel AdWords Masterclass, Z\u00fcrich<\/a><\/strong><br \/>\n\u00abGoogle Ads meistern\u00bb, Aurel Gergey &amp; Stefan Vetter, 15. September<\/li>\n<li><strong><a href=\"https:\/\/wortspiel.com\/google-schweiz\">Wortspiel bei Google 2017, Z\u00fcrich<\/a><\/strong><br \/>\nStefan Vetter (Moderation), 15. Mai<\/li>\n<li><strong><a href=\"https:\/\/wortspiel.com\/konferenz-arbeitsformen\">Internet Briefing: Konferenz \u00abNeue Arbeits- und Organisationsformen\u00bb, Z\u00fcrich<\/a><\/strong><br \/>\n\u00abKein B\u00fcro, keine festen Arbeitszeiten, keine Probleme? Ein Blick hinter die Kulissen von Wortspiel\u00bb, Stefan Vetter,\u00a002. Mai<\/li>\n<li><a href=\"https:\/\/www.fhnw.ch\/de\/studium\/technik\/wirtschaftsingenieurwesen\" target=\"_blank\" rel=\"noopener noreferrer\"><strong>Fachhochschule Nordwestschweiz FHNW<\/strong><strong>, Brugg-Windisch<\/strong><\/a><br \/>\n\u00abEinf\u00fchrung Suchmaschinenmarketing\u00bb (BSc Wirtschaftsingenieurwesen), Stefan Vetter, 28. Februar<\/li>\n<li><strong><a href=\"https:\/\/wortspiel.com\/google-tools\">Internet Briefing: Suchmaschinen-Konferenz, Z\u00fcrich<\/a><br \/>\n<\/strong>\u00abDie 12 besten Google-Tools: Digitales Gedankenlesen mit Google &amp; AdWords\u00bb, Aurel Gergey &amp; Stefan Vetter, 08. Februar<\/li>\n<\/ul>\n<h2>2016<\/h2>\n<ul>\n<li><a href=\"https:\/\/wortspiel.com\/suisseemex\"><strong>SuisseEMEX, Z\u00fcrich<\/strong><\/a><br \/>\n\u00abMarktf\u00fchrer werden mit Google AdWords\u00bb, Stefan Vetter, 30. \u2013 31. August<\/li>\n<li><strong><a href=\"https:\/\/wortspiel.com\/seo-content-mark-migros-lehrgang\">Klubschule Migros, St. Gallen<\/a><\/strong><br \/>\n\u00abSEO im Kontext von Content Marketing\u00bb, Stefan Vetter, 24. Juni<\/li>\n<li><strong><a href=\"https:\/\/wortspiel.com\/seo-content-mark-migros-lehrgang\">Klubschule Migros, Luzern<\/a><\/strong><br \/>\n\u00abSEO im Kontext von Content Marketing\u00bb, Stefan Vetter,\u00a019. Mai<\/li>\n<li><strong><a href=\"https:\/\/wortspiel.com\/seo-content-mark-migros-lehrgang\">Klubschule Migros, Z\u00fcrich<\/a><\/strong><br \/>\n\u00abSEO im Kontext von Content Marketing\u00bb, Stefan Vetter, 14. April<\/li>\n<li><a href=\"https:\/\/wortspiel.com\/movu-adwords\"><strong>Internet Briefing: Adwords-Konferenz, Z\u00fcrich<\/strong><\/a><br \/>\n\u00abUmzugsplattform movu.ch: Mit AdWords zum Marktf\u00fchrer \u2013 10 Erfahrungswerte f\u00fcr die AdWords-Praxis\u00bb, Stefan Vetter &amp; Aurel Gergey,\u00a005. April<\/li>\n<li><strong><a href=\"https:\/\/wortspiel.com\/seo-content-mark-migros-lehrgang\">Klubschule Migros, Z\u00fcrich<\/a><\/strong><br \/>\n\u00abSEO im Kontext von Content Marketing\u00bb, Stefan Vetter, 12. M\u00e4rz<\/li>\n<li><a href=\"https:\/\/www.fhnw.ch\/de\/studium\/technik\/wirtschaftsingenieurwesen\" target=\"_blank\" rel=\"noopener noreferrer\"><strong>Fachhochschule Nordwestschweiz FHNW<\/strong><strong>, Brugg-Windisch<\/strong><\/a><br \/>\n\u00abEinf\u00fchrung Suchmaschinenmarketing\u00bb (BSc Wirtschaftsingenieurwesen), Stefan Vetter, 29. Februar<\/li>\n<li><strong><a href=\"https:\/\/wortspiel.com\/seo-content-mark-migros-lehrgang\">Klubschule Migros, Z\u00fcrich<\/a><\/strong><br \/>\n\u00abSEO im Kontext von Content Marketing\u00bb, Stefan Vetter,\u00a018. Februar<\/li>\n<\/ul>\n<h2>2015<\/h2>\n<ul>\n<li><strong><a href=\"https:\/\/wortspiel.com\/seo-content-mark-migros-lehrgang\">Klubschule Migros, Z\u00fcrich<\/a><\/strong><br \/>\n\u00abSEO im Kontext von Content Marketing\u00bb, Stefan Vetter,\u00a03. November<\/li>\n<li><a href=\"https:\/\/wortspiel.com\/adwords-anzeigentexte\"><strong>Internet Briefing, Bern<\/strong><\/a><br \/>\n\u00abKreativit\u00e4t in 95 Zeichen \u2013 Das Geheimnis guter Anzeigentexte in Google AdWords\u00bb, Stefan Vetter,\u00a001. Juli<\/li>\n<\/ul>\n","protected":false},"excerpt":{"rendered":"<p>Gerne teilen wir unsere Erfahrung an Konferenzen und Hochschulen. Hier findest Du alle k\u00fcnftigen und bisherigen Veranstaltungen mit unserer Beteiligung: 2020 MBSZ Marketing &amp; Business School Z\u00fcrich \u00abGoogle Ads Specialist MBSZ\u00bb, Stefan Vetter, 28. Oktober \u2013 02. Dezember MBSZ Marketing &amp; Business School Z\u00fcrich \u00abGoogle Ads Specialist MBSZ\u00bb, Stefan Vetter, 04. September \u2013 06. Oktober [&hellip;]<\/p>\n","protected":false},"author":1,"featured_media":3516,"parent":0,"menu_order":0,"comment_status":"closed","ping_status":"closed","template":"","meta":[],"yoast_head":"<!-- This site is optimized with the Yoast SEO plugin v15.2.1 - https:\/\/yoast.com\/wordpress\/plugins\/seo\/ -->\n<title>Veranstaltungen | Wortspiel<\/title>\n<meta name=\"robots\" content=\"index, follow, max-snippet:-1, max-image-preview:large, max-video-preview:-1\" \/>\n<link rel=\"canonical\" href=\"https:\/\/wortspiel.com\/de\/veranstaltungen\" \/>\n<meta property=\"og:locale\" content=\"de_DE\" \/>\n<meta property=\"og:type\" content=\"article\" \/>\n<meta property=\"og:title\" content=\"Veranstaltungen | Wortspiel\" \/>\n<meta property=\"og:description\" content=\"Gerne teilen wir unsere Erfahrung an Konferenzen und Hochschulen. Hier findest Du alle k\u00fcnftigen und bisherigen Veranstaltungen mit unserer Beteiligung: 2020 MBSZ Marketing &amp; Business School Z\u00fcrich \u00abGoogle Ads Specialist MBSZ\u00bb, Stefan Vetter, 28. Oktober \u2013 02. Dezember MBSZ Marketing &amp; Business School Z\u00fcrich \u00abGoogle Ads Specialist MBSZ\u00bb, Stefan Vetter, 04. September \u2013 06. Oktober [&hellip;]\" \/>\n<meta property=\"og:url\" content=\"https:\/\/wortspiel.com\/de\/veranstaltungen\" \/>\n<meta property=\"og:site_name\" content=\"Wortspiel\" \/>\n<meta property=\"article:publisher\" content=\"https:\/\/www.facebook.com\/wortspiel\" \/>\n<meta property=\"article:modified_time\" content=\"2020-02-04T17:23:54+00:00\" \/>\n<meta property=\"og:image\" content=\"https:\/\/wortspiel.com\/de\/wp-content\/uploads\/2018\/12\/stefan-vetter-speaking-fb.jpg\" \/>\n\t<meta property=\"og:image:width\" content=\"1200\" \/>\n\t<meta property=\"og:image:height\" content=\"640\" \/>\n<meta name=\"twitter:card\" content=\"summary_large_image\" \/>\n<meta name=\"twitter:creator\" content=\"@Wortspiel\" \/>\n<meta name=\"twitter:site\" content=\"@Wortspiel\" \/>\n<meta name=\"twitter:label1\" content=\"Written by\">\n\t<meta name=\"twitter:data1\" content=\"Stefan Vetter\">\n\t<meta name=\"twitter:label2\" content=\"Est. reading time\">\n\t<meta name=\"twitter:data2\" content=\"4\u00a0Minuten\">\n<script type=\"application\/ld+json\" class=\"yoast-schema-graph\">{\"@context\":\"https:\/\/schema.org\",\"@graph\":[{\"@type\":\"Organization\",\"@id\":\"https:\/\/wortspiel.com\/de\/#organization\",\"name\":\"Wortspiel\",\"url\":\"https:\/\/wortspiel.com\/de\/\",\"sameAs\":[\"https:\/\/www.facebook.com\/wortspiel\",\"https:\/\/twitter.com\/Wortspiel\"],\"logo\":{\"@type\":\"ImageObject\",\"@id\":\"https:\/\/wortspiel.com\/de\/#logo\",\"inLanguage\":\"de\",\"url\":\"https:\/\/wortspiel.com\/de\/wp-content\/uploads\/2019\/01\/Wortspiel_Logo_60px-n2x.png\",\"width\":284,\"height\":66,\"caption\":\"Wortspiel\"},\"image\":{\"@id\":\"https:\/\/wortspiel.com\/de\/#logo\"}},{\"@type\":\"WebSite\",\"@id\":\"https:\/\/wortspiel.com\/de\/#website\",\"url\":\"https:\/\/wortspiel.com\/de\/\",\"name\":\"Wortspiel\",\"description\":\"\",\"publisher\":{\"@id\":\"https:\/\/wortspiel.com\/de\/#organization\"},\"potentialAction\":[{\"@type\":\"SearchAction\",\"target\":\"https:\/\/wortspiel.com\/de\/?s={search_term_string}\",\"query-input\":\"required name=search_term_string\"}],\"inLanguage\":\"de\"},{\"@type\":\"ImageObject\",\"@id\":\"https:\/\/wortspiel.com\/de\/veranstaltungen#primaryimage\",\"inLanguage\":\"de\",\"url\":\"https:\/\/wortspiel.com\/de\/wp-content\/uploads\/2018\/12\/stefan-vetter-speaking-web.jpg\",\"width\":800,\"height\":352},{\"@type\":\"WebPage\",\"@id\":\"https:\/\/wortspiel.com\/de\/veranstaltungen#webpage\",\"url\":\"https:\/\/wortspiel.com\/de\/veranstaltungen\",\"name\":\"Veranstaltungen | Wortspiel\",\"isPartOf\":{\"@id\":\"https:\/\/wortspiel.com\/de\/#website\"},\"primaryImageOfPage\":{\"@id\":\"https:\/\/wortspiel.com\/de\/veranstaltungen#primaryimage\"},\"datePublished\":\"2018-12-28T13:05:35+00:00\",\"dateModified\":\"2020-02-04T17:23:54+00:00\",\"inLanguage\":\"de\",\"potentialAction\":[{\"@type\":\"ReadAction\",\"target\":[\"https:\/\/wortspiel.com\/de\/veranstaltungen\"]}]}]}<\/script>\n<!-- \/ Yoast SEO plugin. -->","_links":{"self":[{"href":"https:\/\/wortspiel.com\/de\/wp-json\/wp\/v2\/pages\/3502"}],"collection":[{"href":"https:\/\/wortspiel.com\/de\/wp-json\/wp\/v2\/pages"}],"about":[{"href":"https:\/\/wortspiel.com\/de\/wp-json\/wp\/v2\/types\/page"}],"author":[{"embeddable":true,"href":"https:\/\/wortspiel.com\/de\/wp-json\/wp\/v2\/users\/1"}],"replies":[{"embeddable":true,"href":"https:\/\/wortspiel.com\/de\/wp-json\/wp\/v2\/comments?post=3502"}],"version-history":[{"count":78,"href":"https:\/\/wortspiel.com\/de\/wp-json\/wp\/v2\/pages\/3502\/revisions"}],"predecessor-version":[{"id":4828,"href":"https:\/\/wortspiel.com\/de\/wp-json\/wp\/v2\/pages\/3502\/revisions\/4828"}],"wp:featuredmedia":[{"embeddable":true,"href":"https:\/\/wortspiel.com\/de\/wp-json\/wp\/v2\/media\/3516"}],"wp:attachment":[{"href":"https:\/\/wortspiel.com\/de\/wp-json\/wp\/v2\/media?parent=3502"}],"curies":[{"name":"wp","href":"https:\/\/api.w.org\/{rel}","templated":true}]}}