{"id":4947,"date":"2020-05-01T11:01:13","date_gmt":"2020-05-01T09:01:13","guid":{"rendered":"https:\/\/wortspiel.com\/de\/?page_id=4947"},"modified":"2020-05-01T13:25:24","modified_gmt":"2020-05-01T11:25:24","slug":"seo-agentur","status":"publish","type":"page","link":"https:\/\/wortspiel.com\/de\/seo-agentur","title":{"rendered":"Schweizer SEO-Agentur und Google Premium-Partner: Wortspiel"},"content":{"rendered":"<p>[vc_row el_class=&#8220;ws_hometext&#8220;][vc_column width=&#8220;1\/1&#8243;][vc_row_inner][vc_column_inner width=&#8220;3\/12&#8243;][\/vc_column_inner][vc_column_inner width=&#8220;6\/12&#8243;][vc_column_text]<strong>SEO bedeutet, eine Website den Bed\u00fcrfnissen der Nutzer anzupassen.<\/strong> In der Folge k\u00f6nnen sich die Rankings verbessern &#8211; nicht nur in den unbezahlten Suchtreffern, sondern auch in den bezahlten, also bei Google Ads.<\/p>\n<p>Suchmaschinenoptimierung lohnt sich also doppelt: Interessenten finden eher, was sie suchen \u2013 und als Werbetreibender bezahlst Du weniger f\u00fcr Klicks auf Deine Anzeigen aufgrund h\u00f6herer Relevanz. Unter anderem k\u00f6nnen wir Dich mit folgenden Massnahmen unterst\u00fctzen:[\/vc_column_text]<div class=\"clearfix\" style=\"height:70px;\"><\/div>[\/vc_column_inner][vc_column_inner width=&#8220;3\/12&#8243;][\/vc_column_inner][\/vc_row_inner][vc_row_inner][vc_column_inner el_class=&#8220;onpage-audit&#8220; width=&#8220;1\/3&#8243;]<div class=\"prk_service prk_service_center\" data-color=\"default\" data-default=\"#000000\"><div class=\"fount_fa-cog colored_link_icon small_headings_color\" style=\"color:#000000\"><\/div><div class=\"clearfix\"><\/div><div class=\"prk_service_ctt\"><h4 class=\"big zero_color bd_headings_text_shadow header_font\">On-Page SEO Audit<\/h4><div class=\"clearfix\"><\/div><div class=\"fount_service_desc wpb_text_column\">Um mit einer Webseite an die Spitze der Suchergebnisseite zu gelangen, ist es wichtig, dass die Webseite von Suchmaschinen-Bots gecrawlt, indexiert und verstanden werden kann. Eine gute technische Basis hilft dabei, die organische Sichtbarkeit zu verbessern. Aber auch f\u00fcr die Website-Besucher sind schnelle Ladezeiten und eine gute interne Verlinkung wichtig. In einem On-Page- \/ technischen SEO-Audit analysieren wir die internen Verlinkungen, die Indexierbarkeit und Crawlbarkeit der Webseite, die Seitenladezeiten, die strukturierten Daten sowie wichtige SEO-Tags.<\/div><\/div><\/div>[\/vc_column_inner][vc_column_inner el_class=&#8220;content-audit&#8220; width=&#8220;1\/3&#8243;]<div class=\"prk_service prk_service_center\" data-color=\"default\" data-default=\"#000000\"><div class=\"fount_fa-file-text-o colored_link_icon small_headings_color\" style=\"color:#000000\"><\/div><div class=\"clearfix\"><\/div><div class=\"prk_service_ctt\"><h4 class=\"big zero_color bd_headings_text_shadow header_font\">Content Audit<\/h4><div class=\"clearfix\"><\/div><div class=\"fount_service_desc wpb_text_column\">Eine gute Content Strategie hilft dabei, relevante Inhalte zu erstellen, die organischen Traffic generieren. Unser Content Audit beinhaltet Keyword-Recherchen und das Ausarbeiten einer Content Strategie. Dabei teilen wir Themenbereiche in Topic Clusters und priorisieren Keywords nach intention.<\/div><\/div><\/div>[\/vc_column_inner][vc_column_inner el_class=&#8220;backlink-audit&#8220; width=&#8220;1\/3&#8243;]<div class=\"prk_service prk_service_center\" data-color=\"default\" data-default=\"#000000\"><div class=\"fount_fa-link colored_link_icon small_headings_color\" style=\"color:#000000\"><\/div><div class=\"clearfix\"><\/div><div class=\"prk_service_ctt\"><h4 class=\"big zero_color bd_headings_text_shadow header_font\">Backlink Audit<\/h4><div class=\"clearfix\"><\/div><div class=\"fount_service_desc wpb_text_column\">Backlinks spielen immer noch eine wichtige Rolle: ein gutes Backlink-Profil und eine nachhaltige Backlink-Strategie sind zentral f\u00fcr eine ganzheitliche SEO-Strategie. Wir untersuchen, welche Backlinks vorhanden sind, welche Backlinks die Konkurrenz hat, und wo besonderes Potential f\u00fcr Verbesserungen ist.<\/div><\/div><\/div>[\/vc_column_inner][\/vc_row_inner][vc_row_inner el_class=&#8220;ws-row&#8220;][vc_column_inner el_class=&#8220;relaunches&#8220; width=&#8220;1\/3&#8243;]<div class=\"prk_service prk_service_center\" data-color=\"default\" data-default=\"#000000\"><div class=\"fount_fa-recycle colored_link_icon small_headings_color\" style=\"color:#000000\"><\/div><div class=\"clearfix\"><\/div><div class=\"prk_service_ctt\"><h4 class=\"big zero_color bd_headings_text_shadow header_font\">Relaunch-Begleitung<\/h4><div class=\"clearfix\"><\/div><div class=\"fount_service_desc wpb_text_column\">Organischer Traffic leidet bei Relaunches viel zu oft. SEO sollte deshalb bereits bei der Planung eines Relaunches beachtet werden, damit der organische Traffic nach dem Relaunch auf dem gleichen Level bleibt und nicht einbricht. Wir begleiten Euch w\u00e4hrend des gesamten Relaunch-Prozesses und stellen sicher, dass aus SEO-Sicht alles sauber umgesetzt wird.<\/div><\/div><\/div>[\/vc_column_inner][\/vc_row_inner][\/vc_column][\/vc_row][vc_row bk_element=&#8220;colored&#8220;][vc_column width=&#8220;1\/1&#8243;][vc_row_inner][vc_column_inner width=&#8220;1\/1&#8243;]<div class=\"prk_shortcode-title fount_centered_text h2_sized double_lined\"><div class=\"header_font bd_headings_text_shadow zero_color prk_vc_title\"><h2>Interessiert?<\/h2><\/div><div class=\"clearfix\"><\/div><\/div>[\/vc_column_inner][\/vc_row_inner][vc_row_inner][vc_column_inner width=&#8220;3\/12&#8243;][\/vc_column_inner][vc_column_inner width=&#8220;6\/12&#8243;][vc_column_text]<\/p>\n<ul>\n<li>Erfahre, was unserer Auftraggeber <a href=\"\/de\/#kundenstimmen\">\u00fcber die Zusammenarbeit mit uns sagen<\/a><\/li>\n<li>Lerne unser <a href=\"\/de\/#team\">Team von Experten<\/a> kennen<\/li>\n<li>Werfe einen Blick in unseren Blog mit <a href=\"\/de\/blog\">Case Studies und Einblicken in unsere Agentur<\/a><\/li>\n<li><a href=\"\/de\/#kontakt\">Nimm Kontakt mit uns auf<\/a><\/li>\n<\/ul>\n<p>[\/vc_column_text]<div class=\"clearfix\" style=\"height:60px;\"><\/div>[\/vc_column_inner][vc_column_inner width=&#8220;3\/12&#8243;][\/vc_column_inner][\/vc_row_inner][\/vc_column][\/vc_row]<\/p>\n","protected":false},"excerpt":{"rendered":"<p>[vc_row el_class=&#8220;ws_hometext&#8220;][vc_column width=&#8220;1\/1&#8243;][vc_row_inner][vc_column_inner width=&#8220;3\/12&#8243;][\/vc_column_inner][vc_column_inner width=&#8220;6\/12&#8243;][vc_column_text]SEO bedeutet, eine Website den Bed\u00fcrfnissen der Nutzer anzupassen. In der Folge k\u00f6nnen sich die Rankings verbessern &#8211; nicht nur in den unbezahlten Suchtreffern, sondern auch in den bezahlten, also bei Google Ads. Suchmaschinenoptimierung lohnt sich also doppelt: Interessenten finden eher, was sie suchen \u2013 und als Werbetreibender bezahlst Du weniger [&hellip;]<\/p>\n","protected":false},"author":1,"featured_media":4742,"parent":0,"menu_order":0,"comment_status":"closed","ping_status":"closed","template":"page-wide.php","meta":[],"yoast_head":"<!-- This site is optimized with the Yoast SEO plugin v15.2.1 - https:\/\/yoast.com\/wordpress\/plugins\/seo\/ -->\n<title>Schweizer SEO-Agentur und Google Premium-Partner: Wortspiel<\/title>\n<meta name=\"description\" content=\"Suchmaschinenoptimierung (SEO) lohnt sich doppelt: Interessenten finden eher, was sie suchen \u2013 und als Werbetreibender bezahlst weniger f\u00fcr Klicks.\" \/>\n<meta name=\"robots\" content=\"index, follow, max-snippet:-1, max-image-preview:large, max-video-preview:-1\" \/>\n<link rel=\"canonical\" href=\"https:\/\/wortspiel.com\/de\/seo-agentur\" \/>\n<meta property=\"og:locale\" content=\"de_DE\" \/>\n<meta property=\"og:type\" content=\"article\" \/>\n<meta property=\"og:title\" content=\"Schweizer SEO-Agentur und Google Premium-Partner: Wortspiel\" \/>\n<meta property=\"og:description\" content=\"Suchmaschinenoptimierung (SEO) lohnt sich doppelt: Interessenten finden eher, was sie suchen \u2013 und als Werbetreibender bezahlst weniger f\u00fcr Klicks.\" \/>\n<meta property=\"og:url\" content=\"https:\/\/wortspiel.com\/de\/seo-agentur\" \/>\n<meta property=\"og:site_name\" content=\"Wortspiel\" \/>\n<meta property=\"article:publisher\" content=\"https:\/\/www.facebook.com\/wortspiel\" \/>\n<meta property=\"article:modified_time\" content=\"2020-05-01T11:25:24+00:00\" \/>\n<meta property=\"og:image\" content=\"https:\/\/wortspiel.com\/de\/wp-content\/uploads\/2020\/01\/solarized-mountains-white-fb.png\" \/>\n\t<meta property=\"og:image:width\" content=\"1200\" \/>\n\t<meta property=\"og:image:height\" content=\"630\" \/>\n<meta name=\"twitter:card\" content=\"summary_large_image\" \/>\n<meta name=\"twitter:creator\" content=\"@Wortspiel\" \/>\n<meta name=\"twitter:site\" content=\"@Wortspiel\" \/>\n<meta name=\"twitter:label1\" content=\"Written by\">\n\t<meta name=\"twitter:data1\" content=\"Stefan Vetter\">\n\t<meta name=\"twitter:label2\" content=\"Est. reading time\">\n\t<meta name=\"twitter:data2\" content=\"2\u00a0Minuten\">\n<script type=\"application\/ld+json\" class=\"yoast-schema-graph\">{\"@context\":\"https:\/\/schema.org\",\"@graph\":[{\"@type\":\"Organization\",\"@id\":\"https:\/\/wortspiel.com\/de\/#organization\",\"name\":\"Wortspiel\",\"url\":\"https:\/\/wortspiel.com\/de\/\",\"sameAs\":[\"https:\/\/www.facebook.com\/wortspiel\",\"https:\/\/twitter.com\/Wortspiel\"],\"logo\":{\"@type\":\"ImageObject\",\"@id\":\"https:\/\/wortspiel.com\/de\/#logo\",\"inLanguage\":\"de\",\"url\":\"https:\/\/wortspiel.com\/de\/wp-content\/uploads\/2019\/01\/Wortspiel_Logo_60px-n2x.png\",\"width\":284,\"height\":66,\"caption\":\"Wortspiel\"},\"image\":{\"@id\":\"https:\/\/wortspiel.com\/de\/#logo\"}},{\"@type\":\"WebSite\",\"@id\":\"https:\/\/wortspiel.com\/de\/#website\",\"url\":\"https:\/\/wortspiel.com\/de\/\",\"name\":\"Wortspiel\",\"description\":\"\",\"publisher\":{\"@id\":\"https:\/\/wortspiel.com\/de\/#organization\"},\"potentialAction\":[{\"@type\":\"SearchAction\",\"target\":\"https:\/\/wortspiel.com\/de\/?s={search_term_string}\",\"query-input\":\"required name=search_term_string\"}],\"inLanguage\":\"de\"},{\"@type\":\"ImageObject\",\"@id\":\"https:\/\/wortspiel.com\/de\/seo-agentur#primaryimage\",\"inLanguage\":\"de\",\"url\":\"https:\/\/wortspiel.com\/de\/wp-content\/uploads\/2020\/01\/solarized-mountains-white-fb.png\",\"width\":1200,\"height\":630},{\"@type\":\"WebPage\",\"@id\":\"https:\/\/wortspiel.com\/de\/seo-agentur#webpage\",\"url\":\"https:\/\/wortspiel.com\/de\/seo-agentur\",\"name\":\"Schweizer SEO-Agentur und Google Premium-Partner: Wortspiel\",\"isPartOf\":{\"@id\":\"https:\/\/wortspiel.com\/de\/#website\"},\"primaryImageOfPage\":{\"@id\":\"https:\/\/wortspiel.com\/de\/seo-agentur#primaryimage\"},\"datePublished\":\"2020-05-01T09:01:13+00:00\",\"dateModified\":\"2020-05-01T11:25:24+00:00\",\"description\":\"Suchmaschinenoptimierung (SEO) lohnt sich doppelt: Interessenten finden eher, was sie suchen \\u2013 und als Werbetreibender bezahlst weniger f\\u00fcr Klicks.\",\"inLanguage\":\"de\",\"potentialAction\":[{\"@type\":\"ReadAction\",\"target\":[\"https:\/\/wortspiel.com\/de\/seo-agentur\"]}]}]}<\/script>\n<!-- \/ Yoast SEO plugin. -->","_links":{"self":[{"href":"https:\/\/wortspiel.com\/de\/wp-json\/wp\/v2\/pages\/4947"}],"collection":[{"href":"https:\/\/wortspiel.com\/de\/wp-json\/wp\/v2\/pages"}],"about":[{"href":"https:\/\/wortspiel.com\/de\/wp-json\/wp\/v2\/types\/page"}],"author":[{"embeddable":true,"href":"https:\/\/wortspiel.com\/de\/wp-json\/wp\/v2\/users\/1"}],"replies":[{"embeddable":true,"href":"https:\/\/wortspiel.com\/de\/wp-json\/wp\/v2\/comments?post=4947"}],"version-history":[{"count":19,"href":"https:\/\/wortspiel.com\/de\/wp-json\/wp\/v2\/pages\/4947\/revisions"}],"predecessor-version":[{"id":4966,"href":"https:\/\/wortspiel.com\/de\/wp-json\/wp\/v2\/pages\/4947\/revisions\/4966"}],"wp:featuredmedia":[{"embeddable":true,"href":"https:\/\/wortspiel.com\/de\/wp-json\/wp\/v2\/media\/4742"}],"wp:attachment":[{"href":"https:\/\/wortspiel.com\/de\/wp-json\/wp\/v2\/media?parent=4947"}],"curies":[{"name":"wp","href":"https:\/\/api.w.org\/{rel}","templated":true}]}}