{"id":501,"date":"2016-04-10T17:15:04","date_gmt":"2016-04-10T17:15:04","guid":{"rendered":"http:\/\/wortspiel.com\/?page_id=501"},"modified":"2020-01-09T12:32:28","modified_gmt":"2020-01-09T11:32:28","slug":"buch","status":"publish","type":"page","link":"https:\/\/wortspiel.com\/de\/buch","title":{"rendered":"Buch: AdWords f\u00fcr Startups \u2013 Marktf\u00fchrer werden und bleiben mit Google-Marketing"},"content":{"rendered":"<p><img loading=\"lazy\" class=\"crispedges alignnone wp-image-2450 size-full\" src=\"https:\/\/wortspiel.com\/wp-content\/uploads\/2014\/12\/adwords-startups-google-marketing.jpg\" alt=\"\u00abAdWords f\u00fcr Startups \u2013 Marktf\u00fchrer werden und bleiben mit Google-Marketing\u00bb von Stefan Vetter und Aurel Gergey\" width=\"800\" height=\"495\" \/><\/p>\n<p><strong>Google AdWords ist die k\u00fcrzeste Verbindung von Angebot und Nachfrage \u2013 und damit ein wirksamer Wachstumstreiber f\u00fcr Startups. Doch die Konkurrenz ist gross und der Spielraum f\u00fcr Fehler klein.\u00a0<\/strong><\/p>\n<p>Stefan Vetter und Aurel Gergey unterst\u00fctzen Startups, mit Hilfe von AdWords Marktf\u00fchrer zu werden und zu bleiben. Ihre Erkenntnisse fassen sie in diesem Ratgeber zusammen.<\/p>\n<p>Sie wenden sich an Startup-Marketingverantwortliche, die schnell \u00fcberblicken wollen, was Googles Werbeprogramm f\u00fcr sie leisten kann \u2013 und worauf es ankommt, damit AdWords funktioniert.<\/p>\n<h2>Probekapitel<\/h2>\n<p>Lade hier das erste Kapitel des Buches kostenlos herunter:<br \/>\n<div class='w3eden'><!-- WPDM Link Template: Call to Action 3 -->\n\n<div class=\"well c2a3\">\n    <div class=\"media\">\n        <div class=\"pull-left\" align=\"left\">\n            <img class=\"wpdm_icon\" alt=\"Icon\" src=\"https:\/\/wortspiel.com\/de\/wp-content\/plugins\/download-manager\/assets\/file-type-icons\/pdf.svg\" onError='this.src=\"https:\/\/wortspiel.com\/de\/wp-content\/plugins\/download-manager\/assets\/file-type-icons\/unknown.svg\";' \/>\n        <\/div>\n        <div class=\"pull-right\" align=\"right\">\n            <a class='wpdm-download-link btn btn-primary ' rel='nofollow' href='#' onclick=\"location.href='https:\/\/wortspiel.com\/de\/download\/probekapitel-aus-%e2%80%afmarktfuehrer-werden-mit-google-adwords%e2%80%af?wpdmdl=2175&refresh=69e710fe3d55f1776750846';return false;\">Download<\/a>\n        <\/div>\n\n        <div class=\"media-body\">\n            <h3 class=\"media-heading\" style=\"padding-top: 0px;border:0px;margin: 0 0 5px 0;font-size:12pt;\"><a style=\"font-weight: 700\" href=\"https:\/\/wortspiel.com\/de\/download\/probekapitel-aus-%e2%80%afmarktfuehrer-werden-mit-google-adwords%e2%80%af\">Probekapitel: Buch \u00abAdWords f\u00fcr Startups\u00bb<\/a> <span style=\"margin-left:30px;font-size:8pt;font-weight:300\"><i style=\"margin: 2px 0 0 5px;opacity:0.5\" class=\"fa fa-th-large\"><\/i> 996.56 KB <i style=\"margin: 2px 0 0 5px;opacity:0.5\" class=\"fa fa-download\"><\/i> 744 downloads<\/span><\/h3>\n            ...\n        <\/div>\n\n    <\/div>\n\n<\/div>\n<style>.well.c2a3 .btn.wpdm-download-link{ padding: 11px 30px;font-size: 11pt; } .well.c2a3 .media-body{ font-size: 11pt; } .well.c2a3 .wpdm_icon{ height: 42px; width: auto; }<\/style><\/div>\n<h2>Stimmen zum Buch<\/h2>\n<p>\u00abWir w\u00e4ren als MOVU heute nicht wo wir sind ohne die AdWords-Profis von Wortspiel. In diesem Buch beschreiben Stefan und Aurel ihre Denk- und Arbeitsweise auf praxisgerechte und inspirierende Weise.\u00bb<br \/>\n<strong>Laurent Decrue, CEO, MOVU<\/strong><\/p>\n<p>\u00abF\u00fcr unsere Helvetia Corporate Startups gelten dieselben ambitionierten Ziele wie f\u00fcr klassische Startups: Erfolg im Markt! Google AdWords ist ein wichtiger Traffic-Kanal f\u00fcr die Kundengewinnung und Skalierung. Dieses Buch hat uns geholfen, die n\u00f6tige Fahrt aufzunehmen.\u00bb<br \/>\n<strong>Daniela Maag, Head Corporate Incubation, Helvetia Versicherungen<\/strong><\/p>\n<p>\u00abViele Startups konzentrieren sich auf das Produkt und vernachl\u00e4ssigen das Marketing \u2013 welches f\u00fcr den Erfolg ebenso wichtig ist. Das Buch von Stefan und Aurel setzt hier an und zeigt auf, wie Google AdWords den Kontakt zum Markt herstellen und skalieren kann.\u00bb<br \/>\n<strong>Toni Schneider, Partner, True Ventures und Ex-CEO, Automattic (WordPress)<\/strong><\/p>\n<h2 id=\"bestellen\">Jetzt bestellen<\/h2>\n<p>\u00abAdWords f\u00fcr Startups\u00bb ist in jeder Buchhandlung in der Schweiz, Deutschland und \u00d6sterreich erh\u00e4ltlich und kostet\u00a0EUR 9.90 \/ ca. CHF 11.90 als Paperback, EUR 14.90 \/ ca. CHF 18.00 als Hardcover und EUR 4.90 \/ ca. CHF 5.50 als Ebook.<\/p>\n<p>\u00dcber diese Links kannst Du das Buch online bestellen:<\/p>\n<p><a class=\"linknoborder\" href=\"https:\/\/www.exlibris.ch\/de\/suche\/?q=adwords+f%C3%BCr+startups&amp;category=BookOverview\" target=\"_blank\" rel=\"noopener noreferrer\"><img loading=\"lazy\" class=\"alignnone wp-image-2438 size-full\" style=\"margin-right: 5em; margin-top: 2em; padding-bottom: 10px;\" src=\"https:\/\/wortspiel.com\/wp-content\/uploads\/2016\/04\/ex-libris1.png\" alt=\"Bei Ex Libris kaufen\" width=\"200\" height=\"148\" \/><\/a><a class=\"linknoborder\" href=\"https:\/\/www.amazon.de\/gp\/product\/3743973162\/ref=as_li_tl?ie=UTF8&amp;camp=1638&amp;creative=6742&amp;creativeASIN=3743973162&amp;linkCode=as2&amp;tag=stefanvetter-21&amp;linkId=e2c88787da8bb719789856e45e22089f\" target=\"_blank\" rel=\"noopener noreferrer\"><img loading=\"lazy\" class=\"alignnone size-full wp-image-2455\" style=\"margin-top: 2em;\" src=\"https:\/\/wortspiel.com\/wp-content\/uploads\/2016\/04\/amazon-de.png\" alt=\"Bei Amazon.de kaufen\" width=\"200\" height=\"56\" \/><\/a><\/p>\n<p>Du m\u00f6chtest das Buch rezensieren \u2013 beispielsweise auf Deinem Blog, auf Social Media oder bei Amazon? Dann schicken wir Dir gerne ein kostenloses Exemplar. Nimm dazu einfach <a href=\"\/#kontakt\">Kontakt mit uns auf<\/a>.<\/p>\n<h2>Inhaltsverzeichnis<\/h2>\n<p><img loading=\"lazy\" class=\"crispedges alignnone wp-image-2428 size-full\" style=\"margin-top: 15px;\" src=\"https:\/\/wortspiel.com\/wp-content\/uploads\/2016\/04\/adwords-startups-inhaltsverzeichnis3.png\" alt=\"Das Inhaltsverzeichnis von \u00abAdWords f\u00fcr Startups\u00bb\" width=\"800\" height=\"1080\" \/><\/p>\n<h2>Probekapitel<\/h2>\n<p>Lade das erste Kapitel des Buches kostenlos herunter:<br \/>\n<div class='w3eden'><!-- WPDM Link Template: Call to Action 3 -->\n\n<div class=\"well c2a3\">\n    <div class=\"media\">\n        <div class=\"pull-left\" align=\"left\">\n            <img class=\"wpdm_icon\" alt=\"Icon\" src=\"https:\/\/wortspiel.com\/de\/wp-content\/plugins\/download-manager\/assets\/file-type-icons\/pdf.svg\" onError='this.src=\"https:\/\/wortspiel.com\/de\/wp-content\/plugins\/download-manager\/assets\/file-type-icons\/unknown.svg\";' \/>\n        <\/div>\n        <div class=\"pull-right\" align=\"right\">\n            <a class='wpdm-download-link btn btn-primary ' rel='nofollow' href='#' onclick=\"location.href='https:\/\/wortspiel.com\/de\/download\/probekapitel-aus-%e2%80%afmarktfuehrer-werden-mit-google-adwords%e2%80%af?wpdmdl=2175&refresh=69e710fe3e6251776750846';return false;\">Download<\/a>\n        <\/div>\n\n        <div class=\"media-body\">\n            <h3 class=\"media-heading\" style=\"padding-top: 0px;border:0px;margin: 0 0 5px 0;font-size:12pt;\"><a style=\"font-weight: 700\" href=\"https:\/\/wortspiel.com\/de\/download\/probekapitel-aus-%e2%80%afmarktfuehrer-werden-mit-google-adwords%e2%80%af\">Probekapitel: Buch \u00abAdWords f\u00fcr Startups\u00bb<\/a> <span style=\"margin-left:30px;font-size:8pt;font-weight:300\"><i style=\"margin: 2px 0 0 5px;opacity:0.5\" class=\"fa fa-th-large\"><\/i> 996.56 KB <i style=\"margin: 2px 0 0 5px;opacity:0.5\" class=\"fa fa-download\"><\/i> 744 downloads<\/span><\/h3>\n            ...\n        <\/div>\n\n    <\/div>\n\n<\/div>\n<style>.well.c2a3 .btn.wpdm-download-link{ padding: 11px 30px;font-size: 11pt; } .well.c2a3 .media-body{ font-size: 11pt; } .well.c2a3 .wpdm_icon{ height: 42px; width: auto; }<\/style><\/div>\n<h2>\u00dcber die Autoren<\/h2>\n<p><img loading=\"lazy\" class=\"alignnone size-full wp-image-1486\" style=\"margin-top: 15px;\" src=\"https:\/\/wortspiel.com\/wp-content\/uploads\/2014\/12\/stefan-vetter-1.jpg\" alt=\"Stefan Vetter\" width=\"834\" height=\"594\" \/><\/p>\n<p><a href=\"\/#stefan-vetter\">Stefan Vetter<\/a> ist Gr\u00fcnder und Gesch\u00e4ftsf\u00fchrer der Wortspiel GmbH. Der studierte Kommunikations- und Medienwissenschaftler ist seit 1999 im digitalen Marketing t\u00e4tig und befasst sich seit mehreren Jahren vollzeitlich mit AdWords. Sein Wissen gibt er gerne weiter \u2013 unter anderem als Referent an der Fachhochschule Nordwestschweiz FHNW.<\/p>\n<p><img loading=\"lazy\" class=\"alignnone size-full wp-image-1487\" src=\"https:\/\/wortspiel.com\/wp-content\/uploads\/2014\/12\/aurel-gergey-1.jpg\" alt=\"Aurel Gergey\" width=\"837\" height=\"558\" \/><\/p>\n<p><a href=\"\/#aurel-gergey\">Aurel Gergey<\/a> ist Creative Director bei Wortspiel und nutzt Google AdWords seit 2004. Zuvor war der diplomierte P\u00e4dagoge in Werbeagenturen als Texter und Konzepter t\u00e4tig. Er hilft Unternehmen, mit professionellen Texten mehr aus Google AdWords herauszuholen. Bessere Anzeigen + besserer Webtext = bessere Resultate!<\/p>\n<h2>Jetzt bestellen<\/h2>\n<p>\u00abAdWords f\u00fcr Startups\u00bb ist in jeder Buchhandlung in der Schweiz, Deutschland und \u00d6sterreich erh\u00e4ltlich und kostet\u00a0EUR 9.90 \/ ca. CHF 11.90 als Paperback, EUR 14.90 \/ ca. CHF 18.00 als Hardcover und EUR 4.90 \/ ca. CHF 5.50 als Ebook.<\/p>\n<p>\u00dcber diese Links kannst Du das Buch online bestellen:<\/p>\n<p><a class=\"linknoborder\" href=\"https:\/\/www.exlibris.ch\/de\/suche\/?q=adwords+f%C3%BCr+startups&amp;category=BookOverview\" target=\"_blank\" rel=\"noopener noreferrer\"><img loading=\"lazy\" class=\"alignnone wp-image-2438 size-full\" style=\"margin-right: 5em; margin-top: 2em; padding-bottom: 10px;\" src=\"https:\/\/wortspiel.com\/wp-content\/uploads\/2016\/04\/ex-libris1.png\" alt=\"Bei Ex Libris kaufen\" width=\"200\" height=\"148\" \/><\/a><a class=\"linknoborder\" href=\"https:\/\/www.amazon.de\/gp\/product\/3743973162\/ref=as_li_tl?ie=UTF8&amp;camp=1638&amp;creative=6742&amp;creativeASIN=3743973162&amp;linkCode=as2&amp;tag=stefanvetter-21&amp;linkId=e2c88787da8bb719789856e45e22089f\" target=\"_blank\" rel=\"noopener noreferrer\"><img loading=\"lazy\" class=\"alignnone size-full wp-image-2455\" style=\"margin-top: 2em;\" src=\"https:\/\/wortspiel.com\/wp-content\/uploads\/2016\/04\/amazon-de.png\" alt=\"Bei Amazon.de kaufen\" width=\"200\" height=\"56\" \/><\/a><\/p>\n<p>Du m\u00f6chtest das Buch rezensieren \u2013 beispielsweise auf Deinem Blog, auf Social Media oder bei Amazon? Dann schicken wir Dir gerne ein kostenloses Exemplar. Nimm dazu einfach <a href=\"\/#kontakt\">Kontakt mit uns auf<\/a>.<\/p>\n","protected":false},"excerpt":{"rendered":"<p>Google AdWords ist die k\u00fcrzeste Verbindung von Angebot und Nachfrage \u2013 und damit ein wirksamer Wachstumstreiber f\u00fcr Startups. Doch die Konkurrenz ist gross und der Spielraum f\u00fcr Fehler klein.\u00a0 Stefan Vetter und Aurel Gergey unterst\u00fctzen Startups, mit Hilfe von AdWords Marktf\u00fchrer zu werden und zu bleiben. Ihre Erkenntnisse fassen sie in diesem Ratgeber zusammen. Sie [&hellip;]<\/p>\n","protected":false},"author":1,"featured_media":2461,"parent":0,"menu_order":0,"comment_status":"closed","ping_status":"closed","template":"","meta":[],"yoast_head":"<!-- This site is optimized with the Yoast SEO plugin v15.2.1 - https:\/\/yoast.com\/wordpress\/plugins\/seo\/ -->\n<title>Buch \u00abAdWords f\u00fcr Startups\u00bb von Stefan Vetter und Aurel Gergey<\/title>\n<meta name=\"description\" content=\"Wie k\u00f6nnen Startups mit Google-Marketing Marktf\u00fchrer werden und bleiben? Stefan Vetter und Aurel Gergey fassen ihre Erkenntnisse in diesem Buch zusammen.\" \/>\n<meta name=\"robots\" content=\"index, follow, max-snippet:-1, max-image-preview:large, max-video-preview:-1\" \/>\n<link rel=\"canonical\" href=\"https:\/\/wortspiel.com\/de\/buch\" \/>\n<meta property=\"og:locale\" content=\"de_DE\" \/>\n<meta property=\"og:type\" content=\"article\" \/>\n<meta property=\"og:title\" content=\"Buch \u00abAdWords f\u00fcr Startups\u00bb von Stefan Vetter und Aurel Gergey\" \/>\n<meta property=\"og:description\" content=\"Wie k\u00f6nnen Startups mit Google-Marketing Marktf\u00fchrer werden und bleiben? Stefan Vetter und Aurel Gergey fassen ihre Erkenntnisse in diesem Buch zusammen.\" \/>\n<meta property=\"og:url\" content=\"https:\/\/wortspiel.com\/de\/buch\" \/>\n<meta property=\"og:site_name\" content=\"Wortspiel\" \/>\n<meta property=\"article:publisher\" content=\"https:\/\/www.facebook.com\/wortspiel\" \/>\n<meta property=\"article:modified_time\" content=\"2020-01-09T11:32:28+00:00\" \/>\n<meta property=\"og:image\" content=\"https:\/\/wortspiel.com\/de\/wp-content\/uploads\/2016\/04\/adwords-startups-google-marketing-fb.jpg\" \/>\n\t<meta property=\"og:image:width\" content=\"1200\" \/>\n\t<meta property=\"og:image:height\" content=\"628\" \/>\n<meta name=\"twitter:card\" content=\"summary_large_image\" \/>\n<meta name=\"twitter:creator\" content=\"@Wortspiel\" \/>\n<meta name=\"twitter:site\" content=\"@Wortspiel\" \/>\n<meta name=\"twitter:label1\" content=\"Written by\">\n\t<meta name=\"twitter:data1\" content=\"Stefan Vetter\">\n\t<meta name=\"twitter:label2\" content=\"Est. reading time\">\n\t<meta name=\"twitter:data2\" content=\"2\u00a0Minuten\">\n<script type=\"application\/ld+json\" class=\"yoast-schema-graph\">{\"@context\":\"https:\/\/schema.org\",\"@graph\":[{\"@type\":\"Organization\",\"@id\":\"https:\/\/wortspiel.com\/de\/#organization\",\"name\":\"Wortspiel\",\"url\":\"https:\/\/wortspiel.com\/de\/\",\"sameAs\":[\"https:\/\/www.facebook.com\/wortspiel\",\"https:\/\/twitter.com\/Wortspiel\"],\"logo\":{\"@type\":\"ImageObject\",\"@id\":\"https:\/\/wortspiel.com\/de\/#logo\",\"inLanguage\":\"de\",\"url\":\"https:\/\/wortspiel.com\/de\/wp-content\/uploads\/2019\/01\/Wortspiel_Logo_60px-n2x.png\",\"width\":284,\"height\":66,\"caption\":\"Wortspiel\"},\"image\":{\"@id\":\"https:\/\/wortspiel.com\/de\/#logo\"}},{\"@type\":\"WebSite\",\"@id\":\"https:\/\/wortspiel.com\/de\/#website\",\"url\":\"https:\/\/wortspiel.com\/de\/\",\"name\":\"Wortspiel\",\"description\":\"\",\"publisher\":{\"@id\":\"https:\/\/wortspiel.com\/de\/#organization\"},\"potentialAction\":[{\"@type\":\"SearchAction\",\"target\":\"https:\/\/wortspiel.com\/de\/?s={search_term_string}\",\"query-input\":\"required name=search_term_string\"}],\"inLanguage\":\"de\"},{\"@type\":\"ImageObject\",\"@id\":\"https:\/\/wortspiel.com\/de\/buch#primaryimage\",\"inLanguage\":\"de\",\"url\":\"https:\/\/wortspiel.com\/de\/wp-content\/uploads\/2016\/04\/adwords-startups-google-marketing-fb.jpg\",\"width\":1200,\"height\":628,\"caption\":\"\\u00abAdWords f\\u00fcr Startups \\u2013 Marktf\\u00fchrer werden und bleiben mit Google-Marketing\\u00bb von Stefan Vetter und Aurel Gergey\"},{\"@type\":\"WebPage\",\"@id\":\"https:\/\/wortspiel.com\/de\/buch#webpage\",\"url\":\"https:\/\/wortspiel.com\/de\/buch\",\"name\":\"Buch \\u00abAdWords f\\u00fcr Startups\\u00bb von Stefan Vetter und Aurel Gergey\",\"isPartOf\":{\"@id\":\"https:\/\/wortspiel.com\/de\/#website\"},\"primaryImageOfPage\":{\"@id\":\"https:\/\/wortspiel.com\/de\/buch#primaryimage\"},\"datePublished\":\"2016-04-10T17:15:04+00:00\",\"dateModified\":\"2020-01-09T11:32:28+00:00\",\"description\":\"Wie k\\u00f6nnen Startups mit Google-Marketing Marktf\\u00fchrer werden und bleiben? Stefan Vetter und Aurel Gergey fassen ihre Erkenntnisse in diesem Buch zusammen.\",\"inLanguage\":\"de\",\"potentialAction\":[{\"@type\":\"ReadAction\",\"target\":[\"https:\/\/wortspiel.com\/de\/buch\"]}]}]}<\/script>\n<!-- \/ Yoast SEO plugin. -->","_links":{"self":[{"href":"https:\/\/wortspiel.com\/de\/wp-json\/wp\/v2\/pages\/501"}],"collection":[{"href":"https:\/\/wortspiel.com\/de\/wp-json\/wp\/v2\/pages"}],"about":[{"href":"https:\/\/wortspiel.com\/de\/wp-json\/wp\/v2\/types\/page"}],"author":[{"embeddable":true,"href":"https:\/\/wortspiel.com\/de\/wp-json\/wp\/v2\/users\/1"}],"replies":[{"embeddable":true,"href":"https:\/\/wortspiel.com\/de\/wp-json\/wp\/v2\/comments?post=501"}],"version-history":[{"count":103,"href":"https:\/\/wortspiel.com\/de\/wp-json\/wp\/v2\/pages\/501\/revisions"}],"predecessor-version":[{"id":4713,"href":"https:\/\/wortspiel.com\/de\/wp-json\/wp\/v2\/pages\/501\/revisions\/4713"}],"wp:featuredmedia":[{"embeddable":true,"href":"https:\/\/wortspiel.com\/de\/wp-json\/wp\/v2\/media\/2461"}],"wp:attachment":[{"href":"https:\/\/wortspiel.com\/de\/wp-json\/wp\/v2\/media?parent=501"}],"curies":[{"name":"wp","href":"https:\/\/api.w.org\/{rel}","templated":true}]}}