{"id":524,"date":"2016-05-01T15:25:57","date_gmt":"2016-05-01T15:25:57","guid":{"rendered":"http:\/\/wortspiel.com\/?page_id=524"},"modified":"2023-11-02T10:47:46","modified_gmt":"2023-11-02T09:47:46","slug":"keyword-ratgeber","status":"publish","type":"page","link":"https:\/\/wortspiel.com\/de\/keyword-ratgeber","title":{"rendered":"Kostenloser Ratgeber: Keyword-Analyse f\u00fcr Google Ads"},"content":{"rendered":"<p><strong><img loading=\"lazy\" class=\"alignnone size-full wp-image-890\" src=\"https:\/\/wortspiel.com\/wp-content\/uploads\/2016\/05\/adwords-keyword-analyse-ratgeber.jpg\" alt=\"Keyword-Analyse-Ratgeber f\u00fcr Google AdWords\" width=\"1200\" height=\"900\" \/><\/strong><\/p>\n<p><strong>\u00abKeywords\u00bb sind die <\/strong><strong>Schl\u00fcssel, welche die Erl\u00f6spotentiale des Internets \u00f6ffnen \u2013\u00a0<\/strong><strong>repr\u00e4sentieren sie doch die Motive und Interessen der\u00a0<\/strong><strong>Konsumenten.<\/strong><\/p>\n<div class='w3eden'><!-- WPDM Link Template: Call to Action 3 -->\n\n<div class=\"well c2a3\">\n    <div class=\"media\">\n        <div class=\"pull-left\" align=\"left\">\n            <img class=\"wpdm_icon\" alt=\"Icon\" src=\"https:\/\/wortspiel.com\/de\/wp-content\/plugins\/download-manager\/assets\/file-type-icons\/pdf.svg\" onError='this.src=\"https:\/\/wortspiel.com\/de\/wp-content\/plugins\/download-manager\/assets\/file-type-icons\/unknown.svg\";' \/>\n        <\/div>\n        <div class=\"pull-right\" align=\"right\">\n            <a class='wpdm-download-link btn btn-primary ' rel='nofollow' href='#' onclick=\"location.href='https:\/\/wortspiel.com\/de\/download\/keyword-ratgeber?wpdmdl=528&refresh=69e6ef9d061a61776742301';return false;\">Download<\/a>\n        <\/div>\n\n        <div class=\"media-body\">\n            <h3 class=\"media-heading\" style=\"padding-top: 0px;border:0px;margin: 0 0 5px 0;font-size:12pt;\"><a style=\"font-weight: 700\" href=\"https:\/\/wortspiel.com\/de\/download\/keyword-ratgeber\">Keyword-Ratgeber<\/a> <span style=\"margin-left:30px;font-size:8pt;font-weight:300\"><i style=\"margin: 2px 0 0 5px;opacity:0.5\" class=\"fa fa-th-large\"><\/i> 1.31 MB <i style=\"margin: 2px 0 0 5px;opacity:0.5\" class=\"fa fa-download\"><\/i> 1215 downloads<\/span><\/h3>\n            ...\n        <\/div>\n\n    <\/div>\n\n<\/div>\n<style>.well.c2a3 .btn.wpdm-download-link{ padding: 11px 30px;font-size: 11pt; } .well.c2a3 .media-body{ font-size: 11pt; } .well.c2a3 .wpdm_icon{ height: 42px; width: auto; }<\/style><\/div>\n<h2>Inhalt des Ratgebers<\/h2>\n<p>\u00abSuchbegriffe\u00bb sind die Worte oder Wort-Kombinationen, welche die Suchmaschinen-Nutzer in die Suchmaschinen eingeben.<\/p>\n<p>Sie sind die Grundlage profitablen Online-Marketings. Auf Basis\u00a0klug recherchierter Keywords lassen sich Websites einrichten,\u00a0welche die Interessen der Kunden widerspiegeln. Und es lassen\u00a0sich Suchmaschinen-Kampagnen entwickeln, welche diese\u00a0Kunden zielgerichtet auf die Website holen.<\/p>\n<p>Umgekehrt gilt auch: Sind die Suchbegriffe falsch, ist alles\u00a0Nachfolgende ebenfalls falsch. Gr\u00fcndliche Keyword-Recherche\u00a0und Keyword-Optimierung bietet daher Investitionschutz und verhindert\u00a0kostspielige Irrwege.<\/p>\n<p>Dennoch wissen offensichtlich die wenigsten Website-Betreiber\u00a0wirklich, mit welchen Keywords Kunden nach ihnen suchen.<\/p>\n<p>Dieser Ratgeber von Aurel Gergey soll dazu beitragen, Abhilfe zu leisten. Was die erfolgreichen Top-Suchbegriffe auszeichnet und wie man sie aufsp\u00fcrt: Tipps und Tricks aus der Keywords Analyse-Praxis.<\/p>\n<div class='w3eden'><!-- WPDM Link Template: Call to Action 3 -->\n\n<div class=\"well c2a3\">\n    <div class=\"media\">\n        <div class=\"pull-left\" align=\"left\">\n            <img class=\"wpdm_icon\" alt=\"Icon\" src=\"https:\/\/wortspiel.com\/de\/wp-content\/plugins\/download-manager\/assets\/file-type-icons\/pdf.svg\" onError='this.src=\"https:\/\/wortspiel.com\/de\/wp-content\/plugins\/download-manager\/assets\/file-type-icons\/unknown.svg\";' \/>\n        <\/div>\n        <div class=\"pull-right\" align=\"right\">\n            <a class='wpdm-download-link btn btn-primary ' rel='nofollow' href='#' onclick=\"location.href='https:\/\/wortspiel.com\/de\/download\/keyword-ratgeber?wpdmdl=528&refresh=69e6ef9d073851776742301';return false;\">Download<\/a>\n        <\/div>\n\n        <div class=\"media-body\">\n            <h3 class=\"media-heading\" style=\"padding-top: 0px;border:0px;margin: 0 0 5px 0;font-size:12pt;\"><a style=\"font-weight: 700\" href=\"https:\/\/wortspiel.com\/de\/download\/keyword-ratgeber\">Keyword-Ratgeber<\/a> <span style=\"margin-left:30px;font-size:8pt;font-weight:300\"><i style=\"margin: 2px 0 0 5px;opacity:0.5\" class=\"fa fa-th-large\"><\/i> 1.31 MB <i style=\"margin: 2px 0 0 5px;opacity:0.5\" class=\"fa fa-download\"><\/i> 1215 downloads<\/span><\/h3>\n            ...\n        <\/div>\n\n    <\/div>\n\n<\/div>\n<style>.well.c2a3 .btn.wpdm-download-link{ padding: 11px 30px;font-size: 11pt; } .well.c2a3 .media-body{ font-size: 11pt; } .well.c2a3 .wpdm_icon{ height: 42px; width: auto; }<\/style><\/div>\n<h2>Leserstimmen<\/h2>\n<p><em>&#8222;Fasst die Grundlagen der Keyword-Analyse in\u00a0<\/em><em>leicht lesbarer Form zusammen.&#8220;<\/em> Sven Lennartz, drweb.de<\/p>\n<p><em>&#8222;Richtig effizient werden Keyword-Tools erst dann, wenn\u00a0<\/em><em>Sie zuvor das E-Book von Aurel Gergey, dem Werbetexter\u00a0<\/em><em>und Keyword-Profi gelesen haben. F\u00fcr jeden Adwords-Werber\u00a0<\/em><em>ein Muss.&#8220;<\/em> Manfred Engel, engelwerbung.de<\/p>\n<p><em>&#8222;Das Gelernte l\u00e4sst sich auch strategisch einsetzen.\u00a0<\/em><em>Sehr lesenswert.&#8220;<\/em> Christian Henner-Fehr,\u00a0kulturmanagement.wordpress.com<\/p>\n<p><em>&#8222;Kurz, knapp, glasklar.&#8220;<\/em> Bernd R\u00f6thling<\/p>\n<div class='w3eden'><!-- WPDM Link Template: Call to Action 3 -->\n\n<div class=\"well c2a3\">\n    <div class=\"media\">\n        <div class=\"pull-left\" align=\"left\">\n            <img class=\"wpdm_icon\" alt=\"Icon\" src=\"https:\/\/wortspiel.com\/de\/wp-content\/plugins\/download-manager\/assets\/file-type-icons\/pdf.svg\" onError='this.src=\"https:\/\/wortspiel.com\/de\/wp-content\/plugins\/download-manager\/assets\/file-type-icons\/unknown.svg\";' \/>\n        <\/div>\n        <div class=\"pull-right\" align=\"right\">\n            <a class='wpdm-download-link btn btn-primary ' rel='nofollow' href='#' onclick=\"location.href='https:\/\/wortspiel.com\/de\/download\/keyword-ratgeber?wpdmdl=528&refresh=69e6ef9d07efe1776742301';return false;\">Download<\/a>\n        <\/div>\n\n        <div class=\"media-body\">\n            <h3 class=\"media-heading\" style=\"padding-top: 0px;border:0px;margin: 0 0 5px 0;font-size:12pt;\"><a style=\"font-weight: 700\" href=\"https:\/\/wortspiel.com\/de\/download\/keyword-ratgeber\">Keyword-Ratgeber<\/a> <span style=\"margin-left:30px;font-size:8pt;font-weight:300\"><i style=\"margin: 2px 0 0 5px;opacity:0.5\" class=\"fa fa-th-large\"><\/i> 1.31 MB <i style=\"margin: 2px 0 0 5px;opacity:0.5\" class=\"fa fa-download\"><\/i> 1215 downloads<\/span><\/h3>\n            ...\n        <\/div>\n\n    <\/div>\n\n<\/div>\n<style>.well.c2a3 .btn.wpdm-download-link{ padding: 11px 30px;font-size: 11pt; } .well.c2a3 .media-body{ font-size: 11pt; } .well.c2a3 .wpdm_icon{ height: 42px; width: auto; }<\/style><\/div>\n","protected":false},"excerpt":{"rendered":"<p>\u00abKeywords\u00bb sind die Schl\u00fcssel, welche die Erl\u00f6spotentiale des Internets \u00f6ffnen \u2013\u00a0repr\u00e4sentieren sie doch die Motive und Interessen der\u00a0Konsumenten. Inhalt des Ratgebers \u00abSuchbegriffe\u00bb sind die Worte oder Wort-Kombinationen, welche die Suchmaschinen-Nutzer in die Suchmaschinen eingeben. Sie sind die Grundlage profitablen Online-Marketings. Auf Basis\u00a0klug recherchierter Keywords lassen sich Websites einrichten,\u00a0welche die Interessen der Kunden widerspiegeln. Und es [&hellip;]<\/p>\n","protected":false},"author":1,"featured_media":890,"parent":0,"menu_order":0,"comment_status":"closed","ping_status":"closed","template":"","meta":[],"yoast_head":"<!-- This site is optimized with the Yoast SEO plugin v15.2.1 - https:\/\/yoast.com\/wordpress\/plugins\/seo\/ -->\n<title>Ratgeber: Keyword-Analyse f\u00fcr Google AdWords - Wortspiel<\/title>\n<meta name=\"description\" content=\"&quot;Fasst die Grundlagen der Keyword-Analyse in leicht lesbarer Form zusammen.&quot; Sven Lennartz. Ratgeber jetzt kostenlos herunterladen!\" \/>\n<meta name=\"robots\" content=\"index, follow, max-snippet:-1, max-image-preview:large, max-video-preview:-1\" \/>\n<link rel=\"canonical\" href=\"https:\/\/wortspiel.com\/de\/keyword-ratgeber\" \/>\n<meta property=\"og:locale\" content=\"de_DE\" \/>\n<meta property=\"og:type\" content=\"article\" \/>\n<meta property=\"og:title\" content=\"Ratgeber: Keyword-Analyse f\u00fcr Google AdWords - Wortspiel\" \/>\n<meta property=\"og:description\" content=\"&quot;Fasst die Grundlagen der Keyword-Analyse in leicht lesbarer Form zusammen.&quot; Sven Lennartz. Ratgeber jetzt kostenlos herunterladen!\" \/>\n<meta property=\"og:url\" content=\"https:\/\/wortspiel.com\/de\/keyword-ratgeber\" \/>\n<meta property=\"og:site_name\" content=\"Wortspiel\" \/>\n<meta property=\"article:publisher\" content=\"https:\/\/www.facebook.com\/wortspiel\" \/>\n<meta property=\"article:modified_time\" content=\"2023-11-02T09:47:46+00:00\" \/>\n<meta property=\"og:image\" content=\"https:\/\/wortspiel.com\/de\/wp-content\/uploads\/2016\/05\/adwords-keyword-analyse-ratgeber.jpg\" \/>\n\t<meta property=\"og:image:width\" content=\"1200\" \/>\n\t<meta property=\"og:image:height\" content=\"900\" \/>\n<meta name=\"twitter:card\" content=\"summary_large_image\" \/>\n<meta name=\"twitter:creator\" content=\"@Wortspiel\" \/>\n<meta name=\"twitter:site\" content=\"@Wortspiel\" \/>\n<meta name=\"twitter:label1\" content=\"Written by\">\n\t<meta name=\"twitter:data1\" content=\"Stefan Vetter\">\n\t<meta name=\"twitter:label2\" content=\"Est. reading time\">\n\t<meta name=\"twitter:data2\" content=\"1\u00a0Minute\">\n<script type=\"application\/ld+json\" class=\"yoast-schema-graph\">{\"@context\":\"https:\/\/schema.org\",\"@graph\":[{\"@type\":\"Organization\",\"@id\":\"https:\/\/wortspiel.com\/de\/#organization\",\"name\":\"Wortspiel\",\"url\":\"https:\/\/wortspiel.com\/de\/\",\"sameAs\":[\"https:\/\/www.facebook.com\/wortspiel\",\"https:\/\/twitter.com\/Wortspiel\"],\"logo\":{\"@type\":\"ImageObject\",\"@id\":\"https:\/\/wortspiel.com\/de\/#logo\",\"inLanguage\":\"de\",\"url\":\"https:\/\/wortspiel.com\/de\/wp-content\/uploads\/2019\/01\/Wortspiel_Logo_60px-n2x.png\",\"width\":284,\"height\":66,\"caption\":\"Wortspiel\"},\"image\":{\"@id\":\"https:\/\/wortspiel.com\/de\/#logo\"}},{\"@type\":\"WebSite\",\"@id\":\"https:\/\/wortspiel.com\/de\/#website\",\"url\":\"https:\/\/wortspiel.com\/de\/\",\"name\":\"Wortspiel\",\"description\":\"\",\"publisher\":{\"@id\":\"https:\/\/wortspiel.com\/de\/#organization\"},\"potentialAction\":[{\"@type\":\"SearchAction\",\"target\":\"https:\/\/wortspiel.com\/de\/?s={search_term_string}\",\"query-input\":\"required name=search_term_string\"}],\"inLanguage\":\"de\"},{\"@type\":\"ImageObject\",\"@id\":\"https:\/\/wortspiel.com\/de\/keyword-ratgeber#primaryimage\",\"inLanguage\":\"de\",\"url\":\"https:\/\/wortspiel.com\/de\/wp-content\/uploads\/2016\/05\/adwords-keyword-analyse-ratgeber.jpg\",\"width\":1200,\"height\":900,\"caption\":\"Keyword-Analyse-Ratgeber f\\u00fcr Google AdWords\"},{\"@type\":\"WebPage\",\"@id\":\"https:\/\/wortspiel.com\/de\/keyword-ratgeber#webpage\",\"url\":\"https:\/\/wortspiel.com\/de\/keyword-ratgeber\",\"name\":\"Ratgeber: Keyword-Analyse f\\u00fcr Google AdWords - Wortspiel\",\"isPartOf\":{\"@id\":\"https:\/\/wortspiel.com\/de\/#website\"},\"primaryImageOfPage\":{\"@id\":\"https:\/\/wortspiel.com\/de\/keyword-ratgeber#primaryimage\"},\"datePublished\":\"2016-05-01T15:25:57+00:00\",\"dateModified\":\"2023-11-02T09:47:46+00:00\",\"description\":\"\\\"Fasst die Grundlagen der Keyword-Analyse in leicht lesbarer Form zusammen.\\\" Sven Lennartz. Ratgeber jetzt kostenlos herunterladen!\",\"inLanguage\":\"de\",\"potentialAction\":[{\"@type\":\"ReadAction\",\"target\":[\"https:\/\/wortspiel.com\/de\/keyword-ratgeber\"]}]}]}<\/script>\n<!-- \/ Yoast SEO plugin. -->","_links":{"self":[{"href":"https:\/\/wortspiel.com\/de\/wp-json\/wp\/v2\/pages\/524"}],"collection":[{"href":"https:\/\/wortspiel.com\/de\/wp-json\/wp\/v2\/pages"}],"about":[{"href":"https:\/\/wortspiel.com\/de\/wp-json\/wp\/v2\/types\/page"}],"author":[{"embeddable":true,"href":"https:\/\/wortspiel.com\/de\/wp-json\/wp\/v2\/users\/1"}],"replies":[{"embeddable":true,"href":"https:\/\/wortspiel.com\/de\/wp-json\/wp\/v2\/comments?post=524"}],"version-history":[{"count":32,"href":"https:\/\/wortspiel.com\/de\/wp-json\/wp\/v2\/pages\/524\/revisions"}],"predecessor-version":[{"id":5297,"href":"https:\/\/wortspiel.com\/de\/wp-json\/wp\/v2\/pages\/524\/revisions\/5297"}],"wp:featuredmedia":[{"embeddable":true,"href":"https:\/\/wortspiel.com\/de\/wp-json\/wp\/v2\/media\/890"}],"wp:attachment":[{"href":"https:\/\/wortspiel.com\/de\/wp-json\/wp\/v2\/media?parent=524"}],"curies":[{"name":"wp","href":"https:\/\/api.w.org\/{rel}","templated":true}]}}