{"id":896,"date":"2016-07-03T14:26:22","date_gmt":"2016-07-03T12:26:22","guid":{"rendered":"http:\/\/wortspiel.com\/?page_id=896"},"modified":"2023-11-02T10:48:46","modified_gmt":"2023-11-02T09:48:46","slug":"anzeigen-ratgeber","status":"publish","type":"page","link":"https:\/\/wortspiel.com\/de\/anzeigen-ratgeber","title":{"rendered":"Kostenloser Ratgeber: Anzeigen f\u00fcr Google Ads optimieren"},"content":{"rendered":"<p><img loading=\"lazy\" class=\"alignnone size-full wp-image-898\" src=\"http:\/\/wortspiel.com\/wp-content\/uploads\/2016\/07\/adwords-anzeigen-optimierung-ratgeber.jpg\" alt=\"AdWords-Anzeigen optimieren - Ratgeber\" width=\"1200\" height=\"900\" \/><\/p>\n<p><strong>Die Anzeigen sind das Einzige, was potentielle Kunden von Google Ads-Werbekampagnen je sehen werden \u2013 sie entscheiden \u00fcber Erfolg oder Misserfolg. Je wirksamer die Anzeigentexte, umso mehr Klicks, umso h\u00f6her der Qualit\u00e4tsfaktor, umso tiefer die Klickpreise und umso mehr Conversions erfolgen.<\/strong><\/p>\n<div class='w3eden'><!-- WPDM Link Template: Call to Action 3 -->\n\n<div class=\"well c2a3\">\n    <div class=\"media\">\n        <div class=\"pull-left\" align=\"left\">\n            <img class=\"wpdm_icon\" alt=\"Icon\" src=\"https:\/\/wortspiel.com\/de\/wp-content\/plugins\/download-manager\/assets\/file-type-icons\/pdf.svg\" onError='this.src=\"https:\/\/wortspiel.com\/de\/wp-content\/plugins\/download-manager\/assets\/file-type-icons\/unknown.svg\";' \/>\n        <\/div>\n        <div class=\"pull-right\" align=\"right\">\n            <a class='wpdm-download-link btn btn-primary ' rel='nofollow' href='#' onclick=\"location.href='https:\/\/wortspiel.com\/de\/download\/anzeigen-ratgeber?wpdmdl=904&refresh=69f3e3252d3031777591077';return false;\">Download<\/a>\n        <\/div>\n\n        <div class=\"media-body\">\n            <h3 class=\"media-heading\" style=\"padding-top: 0px;border:0px;margin: 0 0 5px 0;font-size:12pt;\"><a style=\"font-weight: 700\" href=\"https:\/\/wortspiel.com\/de\/download\/anzeigen-ratgeber\">Anzeigen-Ratgeber<\/a> <span style=\"margin-left:30px;font-size:8pt;font-weight:300\"><i style=\"margin: 2px 0 0 5px;opacity:0.5\" class=\"fa fa-th-large\"><\/i> 468.73 KB <i style=\"margin: 2px 0 0 5px;opacity:0.5\" class=\"fa fa-download\"><\/i> 1045 downloads<\/span><\/h3>\n            ...\n        <\/div>\n\n    <\/div>\n\n<\/div>\n<style>.well.c2a3 .btn.wpdm-download-link{ padding: 11px 30px;font-size: 11pt; } .well.c2a3 .media-body{ font-size: 11pt; } .well.c2a3 .wpdm_icon{ height: 42px; width: auto; }<\/style><\/div>\n<h2>Inhalt des Ratgebers<\/h2>\n<p>In diesem Ratgeber erl\u00e4utert <a href=\"\/#aurel-gergey\">Aurel Gergey<\/a>\u00a0verschiedene Techniken zum Optimieren von AdWords-Anzeigen. Er\u00a0stellt die jeweiligen Tipps im \u00dcberblick vor und konkretisiert das Erkl\u00e4rte mittels Muster-Anzeigen. Einen Teil der Anzeigen hat Aurel selbst entwickelt, die restlichen bei Google gesammelt. Einige der Anzeigen erscheinen im Original-Wortlaut, andere sind verfremdet.<\/p>\n<p>Inhaltsverzeichnis:<\/p>\n<ol>\n<li>Mit Verdichtungs-Techniken Druck machen<\/li>\n<li>Das Publikum mit Fragen einbeziehen<\/li>\n<li>Aktualit\u00e4t und Pseudo-Aktualit\u00e4t schaffen<\/li>\n<li>Mit Frechheit siegen<\/li>\n<li>Am Preis schrauben<\/li>\n<li>Mit Zahlen zaubern<\/li>\n<li>Adresszeile f\u00fcr Zusatzinhalte nutzen<\/li>\n<li>Reizw\u00f6rter ausreizen<\/li>\n<li>Mit Testimonials Vertrauen schaffen<\/li>\n<li>10% \u00fcbertreiben<\/li>\n<\/ol>\n<div class='w3eden'><!-- WPDM Link Template: Call to Action 3 -->\n\n<div class=\"well c2a3\">\n    <div class=\"media\">\n        <div class=\"pull-left\" align=\"left\">\n            <img class=\"wpdm_icon\" alt=\"Icon\" src=\"https:\/\/wortspiel.com\/de\/wp-content\/plugins\/download-manager\/assets\/file-type-icons\/pdf.svg\" onError='this.src=\"https:\/\/wortspiel.com\/de\/wp-content\/plugins\/download-manager\/assets\/file-type-icons\/unknown.svg\";' \/>\n        <\/div>\n        <div class=\"pull-right\" align=\"right\">\n            <a class='wpdm-download-link btn btn-primary ' rel='nofollow' href='#' onclick=\"location.href='https:\/\/wortspiel.com\/de\/download\/anzeigen-ratgeber?wpdmdl=904&refresh=69f3e3252e7bc1777591077';return false;\">Download<\/a>\n        <\/div>\n\n        <div class=\"media-body\">\n            <h3 class=\"media-heading\" style=\"padding-top: 0px;border:0px;margin: 0 0 5px 0;font-size:12pt;\"><a style=\"font-weight: 700\" href=\"https:\/\/wortspiel.com\/de\/download\/anzeigen-ratgeber\">Anzeigen-Ratgeber<\/a> <span style=\"margin-left:30px;font-size:8pt;font-weight:300\"><i style=\"margin: 2px 0 0 5px;opacity:0.5\" class=\"fa fa-th-large\"><\/i> 468.73 KB <i style=\"margin: 2px 0 0 5px;opacity:0.5\" class=\"fa fa-download\"><\/i> 1045 downloads<\/span><\/h3>\n            ...\n        <\/div>\n\n    <\/div>\n\n<\/div>\n<style>.well.c2a3 .btn.wpdm-download-link{ padding: 11px 30px;font-size: 11pt; } .well.c2a3 .media-body{ font-size: 11pt; } .well.c2a3 .wpdm_icon{ height: 42px; width: auto; }<\/style><\/div>\n<h2>Leserstimmen<\/h2>\n<p><em>&#8222;Aurel Gergey demonstriert, wie man AdWords-Anzeigen optimieren kann und worauf es beim Texten ankommt. Kann ich w\u00e4rmstens empfehlen.&#8220;<\/em> Bernd R\u00f6thlingsh\u00f6fer, werbepraxis-aktuell.de<\/p>\n<p><em>&#8222;Sehr interessant.&#8220;<\/em> Jan Salowsky, website-tuning.com<\/p>\n<p><em>&#8222;Wenn die Inspiration f\u00fcr kreative AdWords-Anzeigentexte fehlt oder eine neue Herangehensweise ans Texten erforderlich ist, hilft dieses E-Book weiter.&#8220;<\/em> klickkomplizen.de<\/p>\n<p><em>&#8222;Liest sich prima und enth\u00e4lt wirklich gute Tipps.&#8220;<\/em> Fiona Ammann, vorsicht-starke-worte.de<\/p>\n<div class='w3eden'><!-- WPDM Link Template: Call to Action 3 -->\n\n<div class=\"well c2a3\">\n    <div class=\"media\">\n        <div class=\"pull-left\" align=\"left\">\n            <img class=\"wpdm_icon\" alt=\"Icon\" src=\"https:\/\/wortspiel.com\/de\/wp-content\/plugins\/download-manager\/assets\/file-type-icons\/pdf.svg\" onError='this.src=\"https:\/\/wortspiel.com\/de\/wp-content\/plugins\/download-manager\/assets\/file-type-icons\/unknown.svg\";' \/>\n        <\/div>\n        <div class=\"pull-right\" align=\"right\">\n            <a class='wpdm-download-link btn btn-primary ' rel='nofollow' href='#' onclick=\"location.href='https:\/\/wortspiel.com\/de\/download\/anzeigen-ratgeber?wpdmdl=904&refresh=69f3e3252f68a1777591077';return false;\">Download<\/a>\n        <\/div>\n\n        <div class=\"media-body\">\n            <h3 class=\"media-heading\" style=\"padding-top: 0px;border:0px;margin: 0 0 5px 0;font-size:12pt;\"><a style=\"font-weight: 700\" href=\"https:\/\/wortspiel.com\/de\/download\/anzeigen-ratgeber\">Anzeigen-Ratgeber<\/a> <span style=\"margin-left:30px;font-size:8pt;font-weight:300\"><i style=\"margin: 2px 0 0 5px;opacity:0.5\" class=\"fa fa-th-large\"><\/i> 468.73 KB <i style=\"margin: 2px 0 0 5px;opacity:0.5\" class=\"fa fa-download\"><\/i> 1045 downloads<\/span><\/h3>\n            ...\n        <\/div>\n\n    <\/div>\n\n<\/div>\n<style>.well.c2a3 .btn.wpdm-download-link{ padding: 11px 30px;font-size: 11pt; } .well.c2a3 .media-body{ font-size: 11pt; } .well.c2a3 .wpdm_icon{ height: 42px; width: auto; }<\/style><\/div>\n<p>&nbsp;<\/p>\n","protected":false},"excerpt":{"rendered":"<p>Die Anzeigen sind das Einzige, was potentielle Kunden von Google Ads-Werbekampagnen je sehen werden \u2013 sie entscheiden \u00fcber Erfolg oder Misserfolg. Je wirksamer die Anzeigentexte, umso mehr Klicks, umso h\u00f6her der Qualit\u00e4tsfaktor, umso tiefer die Klickpreise und umso mehr Conversions erfolgen. Inhalt des Ratgebers In diesem Ratgeber erl\u00e4utert Aurel Gergey\u00a0verschiedene Techniken zum Optimieren von AdWords-Anzeigen. [&hellip;]<\/p>\n","protected":false},"author":1,"featured_media":898,"parent":0,"menu_order":0,"comment_status":"closed","ping_status":"closed","template":"","meta":[],"yoast_head":"<!-- This site is optimized with the Yoast SEO plugin v15.2.1 - https:\/\/yoast.com\/wordpress\/plugins\/seo\/ -->\n<title>Kostenloser Ratgeber: Anzeigen f\u00fcr Google Ads optimieren | Wortspiel<\/title>\n<meta name=\"description\" content=\"&quot;Aurel Gergey demonstriert, wie man AdWords-Anzeigen optimieren kann und worauf es beim Texten ankommt.&quot; Bernd R\u00f6thlingsh\u00f6fer. Jetzt herunterladen!\" \/>\n<meta name=\"robots\" content=\"index, follow, max-snippet:-1, max-image-preview:large, max-video-preview:-1\" \/>\n<link rel=\"canonical\" href=\"https:\/\/wortspiel.com\/de\/anzeigen-ratgeber\" \/>\n<meta property=\"og:locale\" content=\"de_DE\" \/>\n<meta property=\"og:type\" content=\"article\" \/>\n<meta property=\"og:title\" content=\"Kostenloser Ratgeber: Anzeigen f\u00fcr Google Ads optimieren | Wortspiel\" \/>\n<meta property=\"og:description\" content=\"&quot;Aurel Gergey demonstriert, wie man AdWords-Anzeigen optimieren kann und worauf es beim Texten ankommt.&quot; Bernd R\u00f6thlingsh\u00f6fer. Jetzt herunterladen!\" \/>\n<meta property=\"og:url\" content=\"https:\/\/wortspiel.com\/de\/anzeigen-ratgeber\" \/>\n<meta property=\"og:site_name\" content=\"Wortspiel\" \/>\n<meta property=\"article:publisher\" content=\"https:\/\/www.facebook.com\/wortspiel\" \/>\n<meta property=\"article:modified_time\" content=\"2023-11-02T09:48:46+00:00\" \/>\n<meta property=\"og:image\" content=\"https:\/\/wortspiel.com\/de\/wp-content\/uploads\/2016\/07\/adwords-anzeigen-optimierung-ratgeber.jpg\" \/>\n\t<meta property=\"og:image:width\" content=\"1200\" \/>\n\t<meta property=\"og:image:height\" content=\"900\" \/>\n<meta name=\"twitter:card\" content=\"summary_large_image\" \/>\n<meta name=\"twitter:creator\" content=\"@Wortspiel\" \/>\n<meta name=\"twitter:site\" content=\"@Wortspiel\" \/>\n<meta name=\"twitter:label1\" content=\"Written by\">\n\t<meta name=\"twitter:data1\" content=\"Stefan Vetter\">\n\t<meta name=\"twitter:label2\" content=\"Est. reading time\">\n\t<meta name=\"twitter:data2\" content=\"1\u00a0Minute\">\n<script type=\"application\/ld+json\" class=\"yoast-schema-graph\">{\"@context\":\"https:\/\/schema.org\",\"@graph\":[{\"@type\":\"Organization\",\"@id\":\"https:\/\/wortspiel.com\/de\/#organization\",\"name\":\"Wortspiel\",\"url\":\"https:\/\/wortspiel.com\/de\/\",\"sameAs\":[\"https:\/\/www.facebook.com\/wortspiel\",\"https:\/\/twitter.com\/Wortspiel\"],\"logo\":{\"@type\":\"ImageObject\",\"@id\":\"https:\/\/wortspiel.com\/de\/#logo\",\"inLanguage\":\"de\",\"url\":\"https:\/\/wortspiel.com\/de\/wp-content\/uploads\/2019\/01\/Wortspiel_Logo_60px-n2x.png\",\"width\":284,\"height\":66,\"caption\":\"Wortspiel\"},\"image\":{\"@id\":\"https:\/\/wortspiel.com\/de\/#logo\"}},{\"@type\":\"WebSite\",\"@id\":\"https:\/\/wortspiel.com\/de\/#website\",\"url\":\"https:\/\/wortspiel.com\/de\/\",\"name\":\"Wortspiel\",\"description\":\"\",\"publisher\":{\"@id\":\"https:\/\/wortspiel.com\/de\/#organization\"},\"potentialAction\":[{\"@type\":\"SearchAction\",\"target\":\"https:\/\/wortspiel.com\/de\/?s={search_term_string}\",\"query-input\":\"required name=search_term_string\"}],\"inLanguage\":\"de\"},{\"@type\":\"ImageObject\",\"@id\":\"https:\/\/wortspiel.com\/de\/anzeigen-ratgeber#primaryimage\",\"inLanguage\":\"de\",\"url\":\"https:\/\/wortspiel.com\/de\/wp-content\/uploads\/2016\/07\/adwords-anzeigen-optimierung-ratgeber.jpg\",\"width\":1200,\"height\":900,\"caption\":\"AdWords-Anzeigen optimieren - Ratgeber\"},{\"@type\":\"WebPage\",\"@id\":\"https:\/\/wortspiel.com\/de\/anzeigen-ratgeber#webpage\",\"url\":\"https:\/\/wortspiel.com\/de\/anzeigen-ratgeber\",\"name\":\"Kostenloser Ratgeber: Anzeigen f\\u00fcr Google Ads optimieren | Wortspiel\",\"isPartOf\":{\"@id\":\"https:\/\/wortspiel.com\/de\/#website\"},\"primaryImageOfPage\":{\"@id\":\"https:\/\/wortspiel.com\/de\/anzeigen-ratgeber#primaryimage\"},\"datePublished\":\"2016-07-03T12:26:22+00:00\",\"dateModified\":\"2023-11-02T09:48:46+00:00\",\"description\":\"\\\"Aurel Gergey demonstriert, wie man AdWords-Anzeigen optimieren kann und worauf es beim Texten ankommt.\\\" Bernd R\\u00f6thlingsh\\u00f6fer. Jetzt herunterladen!\",\"inLanguage\":\"de\",\"potentialAction\":[{\"@type\":\"ReadAction\",\"target\":[\"https:\/\/wortspiel.com\/de\/anzeigen-ratgeber\"]}]}]}<\/script>\n<!-- \/ Yoast SEO plugin. -->","_links":{"self":[{"href":"https:\/\/wortspiel.com\/de\/wp-json\/wp\/v2\/pages\/896"}],"collection":[{"href":"https:\/\/wortspiel.com\/de\/wp-json\/wp\/v2\/pages"}],"about":[{"href":"https:\/\/wortspiel.com\/de\/wp-json\/wp\/v2\/types\/page"}],"author":[{"embeddable":true,"href":"https:\/\/wortspiel.com\/de\/wp-json\/wp\/v2\/users\/1"}],"replies":[{"embeddable":true,"href":"https:\/\/wortspiel.com\/de\/wp-json\/wp\/v2\/comments?post=896"}],"version-history":[{"count":10,"href":"https:\/\/wortspiel.com\/de\/wp-json\/wp\/v2\/pages\/896\/revisions"}],"predecessor-version":[{"id":5298,"href":"https:\/\/wortspiel.com\/de\/wp-json\/wp\/v2\/pages\/896\/revisions\/5298"}],"wp:featuredmedia":[{"embeddable":true,"href":"https:\/\/wortspiel.com\/de\/wp-json\/wp\/v2\/media\/898"}],"wp:attachment":[{"href":"https:\/\/wortspiel.com\/de\/wp-json\/wp\/v2\/media?parent=896"}],"curies":[{"name":"wp","href":"https:\/\/api.w.org\/{rel}","templated":true}]}}